{"id":813,"date":"2017-11-26T13:09:09","date_gmt":"2017-11-26T12:09:09","guid":{"rendered":"http:\/\/mourmansk150.org\/non-acquis\/wp\/?page_id=813"},"modified":"2017-11-26T13:09:59","modified_gmt":"2017-11-26T12:09:59","slug":"gigs-9-decembre-squatt-lille","status":"publish","type":"page","link":"http:\/\/mourmansk150.org\/non-acquis\/wp\/?page_id=813","title":{"rendered":"Squatt Lille 2017 12 9"},"content":{"rendered":"<p><a href=\"http:\/\/mourmansk150.org\/non-acquis\/wp\/wp-content\/uploads\/2017\/11\/fly-1.png\"><img loading=\"lazy\" decoding=\"async\" src=\"http:\/\/mourmansk150.org\/non-acquis\/wp\/wp-content\/uploads\/2017\/11\/fly-1-300x179.png\" alt=\"\" width=\"300\" height=\"179\" class=\"alignnone size-medium wp-image-807\" srcset=\"http:\/\/mourmansk150.org\/non-acquis\/wp\/wp-content\/uploads\/2017\/11\/fly-1-300x179.png 300w, http:\/\/mourmansk150.org\/non-acquis\/wp\/wp-content\/uploads\/2017\/11\/fly-1-503x300.png 503w, http:\/\/mourmansk150.org\/non-acquis\/wp\/wp-content\/uploads\/2017\/11\/fly-1.png 720w\" sizes=\"auto, (max-width: 300px) 100vw, 300px\" \/><\/a><br \/>\nAu programme : d\u00e9bat sur le veganisme puis concert(s) ([vegan]AnarchoPunk)<\/p>\n<p>Ce sera  \u00e0 l&rsquo;<strong>Espace Autonome des 18 ponts<\/strong><br \/>\n-> https:\/\/fr.squat.net\/2017\/09\/26\/lille-ouverture-de-l-espace-autonome-des-18-ponts\/<br \/>\n38 Rue de Tr\u00e9vise<br \/>\nLille (59 000) &#8211; FR<br \/>\n(Arr\u00eat de m\u00e9tro porte de Douai)<\/p>\n<p>Plus d&rsquo;infos et des flyers \u00e0 venir&#8230;.<\/p>\n<p>N&rsquo;h\u00e9sitez pas \u00e0 faire tourner l&rsquo;info \ud83d\ude09<\/p>\n","protected":false},"excerpt":{"rendered":"<p>Au programme : d\u00e9bat sur le veganisme puis concert(s) ([vegan]AnarchoPunk) Ce sera \u00e0 l&rsquo;Espace Autonome des 18 ponts -> https:\/\/fr.squat.net\/2017\/09\/26\/lille-ouverture-de-l-espace-autonome-des-18-ponts\/ 38 Rue de Tr\u00e9vise Lille (59 000) &#8211; FR (Arr\u00eat de m\u00e9tro porte de Douai) Plus d&rsquo;infos et des flyers&hellip; <a href=\"http:\/\/mourmansk150.org\/non-acquis\/wp\/?page_id=813\" class=\"more-link\">Continuer la lecture <span class=\"meta-nav\">&rarr;<\/span><\/a><\/p>\n","protected":false},"author":1,"featured_media":0,"parent":10,"menu_order":88,"comment_status":"closed","ping_status":"closed","template":"","meta":{"footnotes":""},"class_list":["post-813","page","type-page","status-publish","hentry"],"_links":{"self":[{"href":"http:\/\/mourmansk150.org\/non-acquis\/wp\/index.php?rest_route=\/wp\/v2\/pages\/813","targetHints":{"allow":["GET"]}}],"collection":[{"href":"http:\/\/mourmansk150.org\/non-acquis\/wp\/index.php?rest_route=\/wp\/v2\/pages"}],"about":[{"href":"http:\/\/mourmansk150.org\/non-acquis\/wp\/index.php?rest_route=\/wp\/v2\/types\/page"}],"author":[{"embeddable":true,"href":"http:\/\/mourmansk150.org\/non-acquis\/wp\/index.php?rest_route=\/wp\/v2\/users\/1"}],"replies":[{"embeddable":true,"href":"http:\/\/mourmansk150.org\/non-acquis\/wp\/index.php?rest_route=%2Fwp%2Fv2%2Fcomments&post=813"}],"version-history":[{"count":2,"href":"http:\/\/mourmansk150.org\/non-acquis\/wp\/index.php?rest_route=\/wp\/v2\/pages\/813\/revisions"}],"predecessor-version":[{"id":815,"href":"http:\/\/mourmansk150.org\/non-acquis\/wp\/index.php?rest_route=\/wp\/v2\/pages\/813\/revisions\/815"}],"up":[{"embeddable":true,"href":"http:\/\/mourmansk150.org\/non-acquis\/wp\/index.php?rest_route=\/wp\/v2\/pages\/10"}],"wp:attachment":[{"href":"http:\/\/mourmansk150.org\/non-acquis\/wp\/index.php?rest_route=%2Fwp%2Fv2%2Fmedia&parent=813"}],"curies":[{"name":"wp","href":"https:\/\/api.w.org\/{rel}","templated":true}]}}