{"id":781,"date":"2017-10-10T20:40:23","date_gmt":"2017-10-10T19:40:23","guid":{"rendered":"http:\/\/mourmansk150.org\/non-acquis\/wp\/?page_id=781"},"modified":"2017-10-10T20:40:51","modified_gmt":"2017-10-10T19:40:51","slug":"avesnes-sur-helpe-2017-10-21","status":"publish","type":"page","link":"http:\/\/mourmansk150.org\/non-acquis\/wp\/?page_id=781","title":{"rendered":"Avesnes sur Helpe, 2017 10 21"},"content":{"rendered":"<p>Concert \u00e0 Avesnes \/ Helpe, chez Yazid &#8211; Caf\u00e9 de<br \/>\nla paix (ouille ouille ouille, \u00e7a va faire mal) le samedi 21 octobre &#8230;<\/p>\n<p>Boissons pas ch\u00e8res, \u00e0 gogo, bonne ambiance punk dans le style \u00ab\u00a0on fout<br \/>\nle zouk dans l&rsquo;Avesnois&#8230;\u00a0\u00bb. On recherche 2 bobs fiables par la m\u00eame<br \/>\noccasion&#8230;<\/p>\n<p>Donc pr\u00e9parer vos clous, votre casque, vos docs, votre h\u00e9patum et vos bouchons<br \/>\nd&rsquo;oreilles !!!<\/p>\n<p>C&rsquo;est gratuit bien s\u00fbr &#8230;<\/p>\n<p>En esp\u00e9rant vous y voir pour vider qq chopinettes ou plus&#8230;<\/p>\n<p>Faites tourner, enfin le mail&#8230; On n&rsquo;a pas de fesses boucs, alors on<br \/>\ncompte sur vous pour partager \u00e0 vos contacts&#8230; Sinon, on fera avec, on<br \/>\na l&rsquo;habitude \ud83d\ude09<br \/>\n<a href=\"http:\/\/mourmansk150.org\/non-acquis\/wp\/wp-content\/uploads\/2017\/10\/20171021.jpg\"><img loading=\"lazy\" decoding=\"async\" src=\"http:\/\/mourmansk150.org\/non-acquis\/wp\/wp-content\/uploads\/2017\/10\/20171021-258x300.jpg\" alt=\"\" width=\"258\" height=\"300\" class=\"alignnone size-medium wp-image-778\" srcset=\"http:\/\/mourmansk150.org\/non-acquis\/wp\/wp-content\/uploads\/2017\/10\/20171021-258x300.jpg 258w, http:\/\/mourmansk150.org\/non-acquis\/wp\/wp-content\/uploads\/2017\/10\/20171021.jpg 404w\" sizes=\"auto, (max-width: 258px) 100vw, 258px\" \/><\/a><\/p>\n","protected":false},"excerpt":{"rendered":"<p>Concert \u00e0 Avesnes \/ Helpe, chez Yazid &#8211; Caf\u00e9 de la paix (ouille ouille ouille, \u00e7a va faire mal) le samedi 21 octobre &#8230; Boissons pas ch\u00e8res, \u00e0 gogo, bonne ambiance punk dans le style \u00ab\u00a0on fout le zouk dans&hellip; <a href=\"http:\/\/mourmansk150.org\/non-acquis\/wp\/?page_id=781\" class=\"more-link\">Continuer la lecture <span class=\"meta-nav\">&rarr;<\/span><\/a><\/p>\n","protected":false},"author":1,"featured_media":0,"parent":10,"menu_order":89,"comment_status":"closed","ping_status":"closed","template":"","meta":{"footnotes":""},"class_list":["post-781","page","type-page","status-publish","hentry"],"_links":{"self":[{"href":"http:\/\/mourmansk150.org\/non-acquis\/wp\/index.php?rest_route=\/wp\/v2\/pages\/781","targetHints":{"allow":["GET"]}}],"collection":[{"href":"http:\/\/mourmansk150.org\/non-acquis\/wp\/index.php?rest_route=\/wp\/v2\/pages"}],"about":[{"href":"http:\/\/mourmansk150.org\/non-acquis\/wp\/index.php?rest_route=\/wp\/v2\/types\/page"}],"author":[{"embeddable":true,"href":"http:\/\/mourmansk150.org\/non-acquis\/wp\/index.php?rest_route=\/wp\/v2\/users\/1"}],"replies":[{"embeddable":true,"href":"http:\/\/mourmansk150.org\/non-acquis\/wp\/index.php?rest_route=%2Fwp%2Fv2%2Fcomments&post=781"}],"version-history":[{"count":1,"href":"http:\/\/mourmansk150.org\/non-acquis\/wp\/index.php?rest_route=\/wp\/v2\/pages\/781\/revisions"}],"predecessor-version":[{"id":782,"href":"http:\/\/mourmansk150.org\/non-acquis\/wp\/index.php?rest_route=\/wp\/v2\/pages\/781\/revisions\/782"}],"up":[{"embeddable":true,"href":"http:\/\/mourmansk150.org\/non-acquis\/wp\/index.php?rest_route=\/wp\/v2\/pages\/10"}],"wp:attachment":[{"href":"http:\/\/mourmansk150.org\/non-acquis\/wp\/index.php?rest_route=%2Fwp%2Fv2%2Fmedia&parent=781"}],"curies":[{"name":"wp","href":"https:\/\/api.w.org\/{rel}","templated":true}]}}