{"id":78,"date":"2014-04-25T11:00:00","date_gmt":"2014-04-25T10:00:00","guid":{"rendered":"http:\/\/mourmansk150.org\/non-acquis\/wp\/?page_id=78"},"modified":"2014-09-17T19:19:16","modified_gmt":"2014-09-17T18:19:16","slug":"le-cactus-bar-21-09-2014","status":"publish","type":"page","link":"http:\/\/mourmansk150.org\/non-acquis\/wp\/?page_id=78","title":{"rendered":"Le Cactus Bar, 21 09 2014"},"content":{"rendered":"<p>Le Cactus Bar : <a href=\"https:\/\/fr-fr.facebook.com\/pages\/LE-CACTUS-BAR-caf%C3%A9-concert\/243871532328923?sk=wall&amp;filter=12\" target=\"_blank\">site internet<\/a><\/p>\n<p>16 fg Fauroeulx,<br \/>\n59530 Le Quesnoy [entre Valenciennes et Maubeuge]<\/p>\n<p>&nbsp;<\/p>\n<p><strong>Soir\u00e9e de soutien au <a href=\"http:\/\/www.anticorrida.com\/\">CRAC<\/a> et \u00e0 l&rsquo;<a href=\"http:\/\/www.animalliberationfront.com\/\">ALF<\/a>.<\/strong><\/p>\n<p>D\u00e8s 21 Heures  :  TOTAL &lsquo;ZHEIMER (rock), L&rsquo;INSOUMIS (Punk Rock), NON ACQUIS (Anarcho punk)<br \/>\nD\u00e9bat conf\u00e9rence sur la CORRIDA par le d\u00e9l\u00e9gu\u00e9 d\u00e9partemental du CRAC.<\/p>\n<p>&nbsp;<\/p>\n<p><a href=\"http:\/\/mourmansk150.org\/non-acquis\/wp\/wp-content\/uploads\/2014\/04\/20140920.jpg\"><img loading=\"lazy\" decoding=\"async\" src=\"http:\/\/mourmansk150.org\/non-acquis\/wp\/wp-content\/uploads\/2014\/04\/20140920-206x300.jpg\" alt=\"20140920\" width=\"206\" height=\"300\" class=\"alignnone size-medium wp-image-304\" srcset=\"http:\/\/mourmansk150.org\/non-acquis\/wp\/wp-content\/uploads\/2014\/04\/20140920-206x300.jpg 206w, http:\/\/mourmansk150.org\/non-acquis\/wp\/wp-content\/uploads\/2014\/04\/20140920.jpg 400w\" sizes=\"auto, (max-width: 206px) 100vw, 206px\" \/><\/a><\/p>\n","protected":false},"excerpt":{"rendered":"<p>Le Cactus Bar : site internet 16 fg Fauroeulx, 59530 Le Quesnoy [entre Valenciennes et Maubeuge] &nbsp; Soir\u00e9e de soutien au CRAC et \u00e0 l&rsquo;ALF. D\u00e8s 21 Heures : TOTAL &lsquo;ZHEIMER (rock), L&rsquo;INSOUMIS (Punk Rock), NON ACQUIS (Anarcho punk) D\u00e9bat&hellip; <a href=\"http:\/\/mourmansk150.org\/non-acquis\/wp\/?page_id=78\" class=\"more-link\">Continuer la lecture <span class=\"meta-nav\">&rarr;<\/span><\/a><\/p>\n","protected":false},"author":1,"featured_media":0,"parent":10,"menu_order":485,"comment_status":"open","ping_status":"closed","template":"","meta":{"footnotes":""},"class_list":["post-78","page","type-page","status-publish","hentry"],"_links":{"self":[{"href":"http:\/\/mourmansk150.org\/non-acquis\/wp\/index.php?rest_route=\/wp\/v2\/pages\/78","targetHints":{"allow":["GET"]}}],"collection":[{"href":"http:\/\/mourmansk150.org\/non-acquis\/wp\/index.php?rest_route=\/wp\/v2\/pages"}],"about":[{"href":"http:\/\/mourmansk150.org\/non-acquis\/wp\/index.php?rest_route=\/wp\/v2\/types\/page"}],"author":[{"embeddable":true,"href":"http:\/\/mourmansk150.org\/non-acquis\/wp\/index.php?rest_route=\/wp\/v2\/users\/1"}],"replies":[{"embeddable":true,"href":"http:\/\/mourmansk150.org\/non-acquis\/wp\/index.php?rest_route=%2Fwp%2Fv2%2Fcomments&post=78"}],"version-history":[{"count":5,"href":"http:\/\/mourmansk150.org\/non-acquis\/wp\/index.php?rest_route=\/wp\/v2\/pages\/78\/revisions"}],"predecessor-version":[{"id":312,"href":"http:\/\/mourmansk150.org\/non-acquis\/wp\/index.php?rest_route=\/wp\/v2\/pages\/78\/revisions\/312"}],"up":[{"embeddable":true,"href":"http:\/\/mourmansk150.org\/non-acquis\/wp\/index.php?rest_route=\/wp\/v2\/pages\/10"}],"wp:attachment":[{"href":"http:\/\/mourmansk150.org\/non-acquis\/wp\/index.php?rest_route=%2Fwp%2Fv2%2Fmedia&parent=78"}],"curies":[{"name":"wp","href":"https:\/\/api.w.org\/{rel}","templated":true}]}}