{"id":774,"date":"2017-06-12T16:59:03","date_gmt":"2017-06-12T15:59:03","guid":{"rendered":"http:\/\/mourmansk150.org\/non-acquis\/wp\/?page_id=774"},"modified":"2017-06-12T16:59:03","modified_gmt":"2017-06-12T15:59:03","slug":"avesnes-sur-helpe-2017-06-17","status":"publish","type":"page","link":"http:\/\/mourmansk150.org\/non-acquis\/wp\/?page_id=774","title":{"rendered":"Avesnes Sur Helpe, 2017 06 17"},"content":{"rendered":"<p>Avis \u00e0 la population &#8230;.<\/p>\n<p>Concert ce samedi soir (17 juin) au Caf\u00e9 au Caf\u00e9 de la Paix,<br \/>\nAvesnes Sur Helpe (59 440), France<\/p>\n<p><strong>NON ACQUIS<\/strong> : Vegan-Anarcho-punk<br \/>\n<strong>TOTAL ZHEIMER<\/strong> : neuro rock minimaliste<br \/>\n1er groupe<\/p>\n","protected":false},"excerpt":{"rendered":"<p>Avis \u00e0 la population &#8230;. Concert ce samedi soir (17 juin) au Caf\u00e9 au Caf\u00e9 de la Paix, Avesnes Sur Helpe (59 440), France NON ACQUIS : Vegan-Anarcho-punk TOTAL ZHEIMER : neuro rock minimaliste 1er groupe<\/p>\n","protected":false},"author":1,"featured_media":0,"parent":10,"menu_order":90,"comment_status":"closed","ping_status":"closed","template":"","meta":{"footnotes":""},"class_list":["post-774","page","type-page","status-publish","hentry"],"_links":{"self":[{"href":"http:\/\/mourmansk150.org\/non-acquis\/wp\/index.php?rest_route=\/wp\/v2\/pages\/774","targetHints":{"allow":["GET"]}}],"collection":[{"href":"http:\/\/mourmansk150.org\/non-acquis\/wp\/index.php?rest_route=\/wp\/v2\/pages"}],"about":[{"href":"http:\/\/mourmansk150.org\/non-acquis\/wp\/index.php?rest_route=\/wp\/v2\/types\/page"}],"author":[{"embeddable":true,"href":"http:\/\/mourmansk150.org\/non-acquis\/wp\/index.php?rest_route=\/wp\/v2\/users\/1"}],"replies":[{"embeddable":true,"href":"http:\/\/mourmansk150.org\/non-acquis\/wp\/index.php?rest_route=%2Fwp%2Fv2%2Fcomments&post=774"}],"version-history":[{"count":1,"href":"http:\/\/mourmansk150.org\/non-acquis\/wp\/index.php?rest_route=\/wp\/v2\/pages\/774\/revisions"}],"predecessor-version":[{"id":775,"href":"http:\/\/mourmansk150.org\/non-acquis\/wp\/index.php?rest_route=\/wp\/v2\/pages\/774\/revisions\/775"}],"up":[{"embeddable":true,"href":"http:\/\/mourmansk150.org\/non-acquis\/wp\/index.php?rest_route=\/wp\/v2\/pages\/10"}],"wp:attachment":[{"href":"http:\/\/mourmansk150.org\/non-acquis\/wp\/index.php?rest_route=%2Fwp%2Fv2%2Fmedia&parent=774"}],"curies":[{"name":"wp","href":"https:\/\/api.w.org\/{rel}","templated":true}]}}