{"id":77,"date":"2014-04-25T11:02:51","date_gmt":"2014-04-25T10:02:51","guid":{"rendered":"http:\/\/mourmansk150.org\/non-acquis\/wp\/?page_id=77"},"modified":"2014-06-08T18:10:44","modified_gmt":"2014-06-08T17:10:44","slug":"le-cactus-bar-festival-14-06-2014","status":"publish","type":"page","link":"http:\/\/mourmansk150.org\/non-acquis\/wp\/?page_id=77","title":{"rendered":"Le Cactus Bar, Festival 14 06 2014"},"content":{"rendered":"<p>Le Cactus Bar : <a href=\"https:\/\/fr-fr.facebook.com\/pages\/LE-CACTUS-BAR-caf%C3%A9-concert\/243871532328923?sk=wall&amp;filter=12\" target=\"_blank\">site internet<\/a><\/p>\n<p>VERS 20 HEURES<\/p>\n<p>16 fg Fauroeulx,<br \/>\n59530 Le Quesnoy [entre Valenciennes et Maubeuge]<\/p>\n<p>Festival. Affiche compl\u00e8te \u00e0 venir.<\/p>\n<p>Sc\u00e8ne int\u00e9rieure.<\/p>\n<p>&nbsp;<\/p>\n<p><em><strong>Date confirm\u00e9e<\/strong><\/em><\/p>\n<p><a href=\"http:\/\/mourmansk150.org\/non-acquis\/wp\/wp-content\/uploads\/2014\/04\/20140323-1.png\"><img loading=\"lazy\" decoding=\"async\" src=\"http:\/\/mourmansk150.org\/non-acquis\/wp\/wp-content\/uploads\/2014\/04\/20140323-1-206x300.png\" alt=\"20140323-1\" width=\"206\" height=\"300\" class=\"alignnone size-medium wp-image-239\" srcset=\"http:\/\/mourmansk150.org\/non-acquis\/wp\/wp-content\/uploads\/2014\/04\/20140323-1-206x300.png 206w, http:\/\/mourmansk150.org\/non-acquis\/wp\/wp-content\/uploads\/2014\/04\/20140323-1.png 400w\" sizes=\"auto, (max-width: 206px) 100vw, 206px\" \/><\/a><\/p>\n","protected":false},"excerpt":{"rendered":"<p>Le Cactus Bar : site internet VERS 20 HEURES 16 fg Fauroeulx, 59530 Le Quesnoy [entre Valenciennes et Maubeuge] Festival. Affiche compl\u00e8te \u00e0 venir. Sc\u00e8ne int\u00e9rieure. &nbsp; Date confirm\u00e9e<\/p>\n","protected":false},"author":1,"featured_media":0,"parent":10,"menu_order":497,"comment_status":"open","ping_status":"closed","template":"","meta":{"footnotes":""},"class_list":["post-77","page","type-page","status-publish","hentry"],"_links":{"self":[{"href":"http:\/\/mourmansk150.org\/non-acquis\/wp\/index.php?rest_route=\/wp\/v2\/pages\/77","targetHints":{"allow":["GET"]}}],"collection":[{"href":"http:\/\/mourmansk150.org\/non-acquis\/wp\/index.php?rest_route=\/wp\/v2\/pages"}],"about":[{"href":"http:\/\/mourmansk150.org\/non-acquis\/wp\/index.php?rest_route=\/wp\/v2\/types\/page"}],"author":[{"embeddable":true,"href":"http:\/\/mourmansk150.org\/non-acquis\/wp\/index.php?rest_route=\/wp\/v2\/users\/1"}],"replies":[{"embeddable":true,"href":"http:\/\/mourmansk150.org\/non-acquis\/wp\/index.php?rest_route=%2Fwp%2Fv2%2Fcomments&post=77"}],"version-history":[{"count":3,"href":"http:\/\/mourmansk150.org\/non-acquis\/wp\/index.php?rest_route=\/wp\/v2\/pages\/77\/revisions"}],"predecessor-version":[{"id":246,"href":"http:\/\/mourmansk150.org\/non-acquis\/wp\/index.php?rest_route=\/wp\/v2\/pages\/77\/revisions\/246"}],"up":[{"embeddable":true,"href":"http:\/\/mourmansk150.org\/non-acquis\/wp\/index.php?rest_route=\/wp\/v2\/pages\/10"}],"wp:attachment":[{"href":"http:\/\/mourmansk150.org\/non-acquis\/wp\/index.php?rest_route=%2Fwp%2Fv2%2Fmedia&parent=77"}],"curies":[{"name":"wp","href":"https:\/\/api.w.org\/{rel}","templated":true}]}}