{"id":755,"date":"2017-04-08T09:33:55","date_gmt":"2017-04-08T08:33:55","guid":{"rendered":"http:\/\/mourmansk150.org\/non-acquis\/wp\/?page_id=755"},"modified":"2017-04-08T09:36:53","modified_gmt":"2017-04-08T08:36:53","slug":"le-con-aux-etoiles-debatconcert-2017-04-15","status":"publish","type":"page","link":"http:\/\/mourmansk150.org\/non-acquis\/wp\/?page_id=755","title":{"rendered":"Le Coin aux Etoiles  [d\u00e9bat\/concert] 2017 04 15"},"content":{"rendered":"<p>Les soir\u00e9es Punk, \u00e7a continue au <strong><a href=\"https:\/\/www.facebook.com\/LeCoinAuxEtoiles\/\" target=\"_blank\">Coin aux \u00e9toiles<\/a><\/strong> !<\/p>\n<p>Toujours avec Entr\u00e9e Prix Libre et carte \u00e0 prix cass\u00e9s pour que tout le monde puisse faire la f\u00eate. (Pils \u00e0 1\u20ac,&#8230;)<\/p>\n<p>Cette fois, le concept est n\u00e9anmoins diff\u00e9rent.<br \/>\nVu le succ\u00e8s de la <a href=\"http:\/\/mourmansk150.org\/non-acquis\/wp\/?page_id=424\">1\u00e8re soir\u00e9e \u00ab\u00a0Punk Vegan\u00a0\u00bb il y a deux ans<\/a>, nous avons d\u00e9cid\u00e9 de remettre \u00e7a !<\/p>\n<p>Bienvenue \u00e0 tous, vegan ou pas !<\/p>\n<p><strong>19H<\/strong> : Conf\u00e9rence-d\u00e9bat sur la philosophie vegan, son implication sur l&rsquo;alimentation et ses liens avec la cause animale.<\/p>\n<p><a href=\"http:\/\/mourmansk150.org\/non-acquis\/wp\/wp-content\/uploads\/2017\/04\/15vrail-bis.jpg\"><img loading=\"lazy\" decoding=\"async\" src=\"http:\/\/mourmansk150.org\/non-acquis\/wp\/wp-content\/uploads\/2017\/04\/15vrail-bis-300x212.jpg\" alt=\"\" width=\"300\" height=\"212\" class=\"alignnone size-medium wp-image-756\" srcset=\"http:\/\/mourmansk150.org\/non-acquis\/wp\/wp-content\/uploads\/2017\/04\/15vrail-bis-300x212.jpg 300w, http:\/\/mourmansk150.org\/non-acquis\/wp\/wp-content\/uploads\/2017\/04\/15vrail-bis-768x543.jpg 768w, http:\/\/mourmansk150.org\/non-acquis\/wp\/wp-content\/uploads\/2017\/04\/15vrail-bis-1024x724.jpg 1024w, http:\/\/mourmansk150.org\/non-acquis\/wp\/wp-content\/uploads\/2017\/04\/15vrail-bis-424x300.jpg 424w, http:\/\/mourmansk150.org\/non-acquis\/wp\/wp-content\/uploads\/2017\/04\/15vrail-bis.jpg 1654w\" sizes=\"auto, (max-width: 300px) 100vw, 300px\" \/><\/a><\/p>\n<p><strong>20 H <\/strong>: Open Doors pour les concerts :<\/p>\n<p><strong>MAMMOUTT<\/strong> : electro-punk, Bxl.<br \/>\n<strong>NON ACQUIS<\/strong> : Vegan-Anarcho-punk<br \/>\n<strong>TOTAL ZHEIMER<\/strong> : neuro rock minimaliste<\/p>\n<p><a href=\"http:\/\/mourmansk150.org\/non-acquis\/wp\/wp-content\/uploads\/2017\/04\/15avril.jpg\"><img loading=\"lazy\" decoding=\"async\" src=\"http:\/\/mourmansk150.org\/non-acquis\/wp\/wp-content\/uploads\/2017\/04\/15avril-300x169.jpg\" alt=\"\" width=\"300\" height=\"169\" class=\"alignnone size-medium wp-image-757\" srcset=\"http:\/\/mourmansk150.org\/non-acquis\/wp\/wp-content\/uploads\/2017\/04\/15avril-300x169.jpg 300w, http:\/\/mourmansk150.org\/non-acquis\/wp\/wp-content\/uploads\/2017\/04\/15avril-768x432.jpg 768w, http:\/\/mourmansk150.org\/non-acquis\/wp\/wp-content\/uploads\/2017\/04\/15avril-533x300.jpg 533w, http:\/\/mourmansk150.org\/non-acquis\/wp\/wp-content\/uploads\/2017\/04\/15avril.jpg 960w\" sizes=\"auto, (max-width: 300px) 100vw, 300px\" \/><\/a><\/p>\n","protected":false},"excerpt":{"rendered":"<p>Les soir\u00e9es Punk, \u00e7a continue au Coin aux \u00e9toiles ! Toujours avec Entr\u00e9e Prix Libre et carte \u00e0 prix cass\u00e9s pour que tout le monde puisse faire la f\u00eate. (Pils \u00e0 1\u20ac,&#8230;) Cette fois, le concept est n\u00e9anmoins diff\u00e9rent. Vu&hellip; <a href=\"http:\/\/mourmansk150.org\/non-acquis\/wp\/?page_id=755\" class=\"more-link\">Continuer la lecture <span class=\"meta-nav\">&rarr;<\/span><\/a><\/p>\n","protected":false},"author":1,"featured_media":0,"parent":10,"menu_order":91,"comment_status":"closed","ping_status":"closed","template":"","meta":{"footnotes":""},"class_list":["post-755","page","type-page","status-publish","hentry"],"_links":{"self":[{"href":"http:\/\/mourmansk150.org\/non-acquis\/wp\/index.php?rest_route=\/wp\/v2\/pages\/755","targetHints":{"allow":["GET"]}}],"collection":[{"href":"http:\/\/mourmansk150.org\/non-acquis\/wp\/index.php?rest_route=\/wp\/v2\/pages"}],"about":[{"href":"http:\/\/mourmansk150.org\/non-acquis\/wp\/index.php?rest_route=\/wp\/v2\/types\/page"}],"author":[{"embeddable":true,"href":"http:\/\/mourmansk150.org\/non-acquis\/wp\/index.php?rest_route=\/wp\/v2\/users\/1"}],"replies":[{"embeddable":true,"href":"http:\/\/mourmansk150.org\/non-acquis\/wp\/index.php?rest_route=%2Fwp%2Fv2%2Fcomments&post=755"}],"version-history":[{"count":5,"href":"http:\/\/mourmansk150.org\/non-acquis\/wp\/index.php?rest_route=\/wp\/v2\/pages\/755\/revisions"}],"predecessor-version":[{"id":762,"href":"http:\/\/mourmansk150.org\/non-acquis\/wp\/index.php?rest_route=\/wp\/v2\/pages\/755\/revisions\/762"}],"up":[{"embeddable":true,"href":"http:\/\/mourmansk150.org\/non-acquis\/wp\/index.php?rest_route=\/wp\/v2\/pages\/10"}],"wp:attachment":[{"href":"http:\/\/mourmansk150.org\/non-acquis\/wp\/index.php?rest_route=%2Fwp%2Fv2%2Fmedia&parent=755"}],"curies":[{"name":"wp","href":"https:\/\/api.w.org\/{rel}","templated":true}]}}