{"id":746,"date":"2017-03-13T18:03:05","date_gmt":"2017-03-13T17:03:05","guid":{"rendered":"http:\/\/mourmansk150.org\/non-acquis\/wp\/?page_id=746"},"modified":"2017-03-13T18:04:56","modified_gmt":"2017-03-13T17:04:56","slug":"avesnes-sur-helpe-2017-04-07","status":"publish","type":"page","link":"http:\/\/mourmansk150.org\/non-acquis\/wp\/?page_id=746","title":{"rendered":"Avesnes Sur Helpe, 2017 04 07"},"content":{"rendered":"<p><strong>Caf\u00e9 au Caf\u00e9 de la Paix<\/strong>,<br \/>\nAvesnes Sur Helpe, France<br \/>\nLe <strong>vendredi 7 avril 2017<\/strong><br \/>\nD\u00e8s 19H30. Entr\u00e9e gratuite.<\/p>\n<p><a href=\"http:\/\/mourmansk150.org\/non-acquis\/wp\/wp-content\/uploads\/2014\/04\/flyer.jpg\"><img loading=\"lazy\" decoding=\"async\" src=\"http:\/\/mourmansk150.org\/non-acquis\/wp\/wp-content\/uploads\/2014\/04\/flyer-203x300.jpg\" alt=\"\" width=\"203\" height=\"300\" class=\"alignnone size-medium wp-image-744\" srcset=\"http:\/\/mourmansk150.org\/non-acquis\/wp\/wp-content\/uploads\/2014\/04\/flyer-203x300.jpg 203w, http:\/\/mourmansk150.org\/non-acquis\/wp\/wp-content\/uploads\/2014\/04\/flyer.jpg 259w\" sizes=\"auto, (max-width: 203px) 100vw, 203px\" \/><\/a><\/p>\n","protected":false},"excerpt":{"rendered":"<p>Caf\u00e9 au Caf\u00e9 de la Paix, Avesnes Sur Helpe, France Le vendredi 7 avril 2017 D\u00e8s 19H30. Entr\u00e9e gratuite.<\/p>\n","protected":false},"author":1,"featured_media":0,"parent":10,"menu_order":92,"comment_status":"closed","ping_status":"closed","template":"","meta":{"footnotes":""},"class_list":["post-746","page","type-page","status-publish","hentry"],"_links":{"self":[{"href":"http:\/\/mourmansk150.org\/non-acquis\/wp\/index.php?rest_route=\/wp\/v2\/pages\/746","targetHints":{"allow":["GET"]}}],"collection":[{"href":"http:\/\/mourmansk150.org\/non-acquis\/wp\/index.php?rest_route=\/wp\/v2\/pages"}],"about":[{"href":"http:\/\/mourmansk150.org\/non-acquis\/wp\/index.php?rest_route=\/wp\/v2\/types\/page"}],"author":[{"embeddable":true,"href":"http:\/\/mourmansk150.org\/non-acquis\/wp\/index.php?rest_route=\/wp\/v2\/users\/1"}],"replies":[{"embeddable":true,"href":"http:\/\/mourmansk150.org\/non-acquis\/wp\/index.php?rest_route=%2Fwp%2Fv2%2Fcomments&post=746"}],"version-history":[{"count":3,"href":"http:\/\/mourmansk150.org\/non-acquis\/wp\/index.php?rest_route=\/wp\/v2\/pages\/746\/revisions"}],"predecessor-version":[{"id":749,"href":"http:\/\/mourmansk150.org\/non-acquis\/wp\/index.php?rest_route=\/wp\/v2\/pages\/746\/revisions\/749"}],"up":[{"embeddable":true,"href":"http:\/\/mourmansk150.org\/non-acquis\/wp\/index.php?rest_route=\/wp\/v2\/pages\/10"}],"wp:attachment":[{"href":"http:\/\/mourmansk150.org\/non-acquis\/wp\/index.php?rest_route=%2Fwp%2Fv2%2Fmedia&parent=746"}],"curies":[{"name":"wp","href":"https:\/\/api.w.org\/{rel}","templated":true}]}}