{"id":689,"date":"2016-06-28T17:53:42","date_gmt":"2016-06-28T16:53:42","guid":{"rendered":"http:\/\/mourmansk150.org\/non-acquis\/wp\/?page_id=689"},"modified":"2016-06-28T17:58:57","modified_gmt":"2016-06-28T16:58:57","slug":"barlok-20160625-eliott","status":"publish","type":"page","link":"http:\/\/mourmansk150.org\/non-acquis\/wp\/?page_id=689","title":{"rendered":"Barlok, 2016\/06\/25 [Eliott ;-) ]"},"content":{"rendered":"<p>Super soir\u00e9e au <strong>Barlok<\/strong> ce 25 juin 2016.<br \/>\nUn super grand merci \u00e0 <strong>Eliott<\/strong> de <strong>Cr\u00eates et P\u00e2querettes<\/strong> (thx to <strong>Thomas<\/strong> too).<br \/>\nMerci pour tout \ud83d\ude09  Et d\u00e9sol\u00e9 d&rsquo;avoir mang\u00e9 tout l&rsquo;houmous, mais nickel au r\u00e9veil \ud83d\ude09<br \/>\nMerci \u00e0 Eric pour les tofs et \u00e0 Didou d&rsquo;\u00eatre venu \ud83d\ude09<br \/>\nBiZ \u00e0 ter tous.<\/p>\n<p><iframe loading=\"lazy\" src=\"http:\/\/non-acquis.mourmansk150.org\/img\/NA-20160625\/\" name=\"Album photo\" width=\"600\" height=\"475\" frameborder=\"yes\" scrolling=\"auto\"><\/iframe><\/p>\n<p>Version plein &eacute;cran : <a href=\"http:\/\/non-acquis.mourmansk150.org\/img\/NA-20160625\/\" target=\"_blank\">cliquez ici<\/a>.<\/p>\n<p><strong>Samedi 25 juin &#8211; BRUXELLES (be) &#8211; Barlok<\/strong><\/p>\n<p>+ + +   PUNK AU BARLOK n\u00b02   + + +<br \/>\n*** <strong>KxDxG<\/strong> (grindcore, BxL)<br \/>\n*** <strong>Gadafistes Brothers<\/strong> (anarcho-punk, Pays Basque du Nord)<br \/>\n*** <strong>Non Acquis<\/strong> (vegan anarcho-punk, Nord)<br \/>\n*** <strong>Vacant<\/strong> (approxipunk, ex En Dan, ex Cocu&#8230;)<br \/>\n*** <strong>Dj Veni Vini Dj<\/strong> (Boum Punk)<\/p>\n<p><a href=\"http:\/\/mourmansk150.org\/non-acquis\/wp\/wp-content\/uploads\/2016\/05\/25-juin.jpg\"><img loading=\"lazy\" decoding=\"async\" src=\"http:\/\/mourmansk150.org\/non-acquis\/wp\/wp-content\/uploads\/2016\/05\/25-juin-300x148.jpg\" alt=\"Punk Au Barlog 2\" width=\"300\" height=\"148\" class=\"alignnone size-medium wp-image-661\" srcset=\"http:\/\/mourmansk150.org\/non-acquis\/wp\/wp-content\/uploads\/2016\/05\/25-juin-300x148.jpg 300w, http:\/\/mourmansk150.org\/non-acquis\/wp\/wp-content\/uploads\/2016\/05\/25-juin-768x378.jpg 768w, http:\/\/mourmansk150.org\/non-acquis\/wp\/wp-content\/uploads\/2016\/05\/25-juin-609x300.jpg 609w, http:\/\/mourmansk150.org\/non-acquis\/wp\/wp-content\/uploads\/2016\/05\/25-juin.jpg 960w\" sizes=\"auto, (max-width: 300px) 100vw, 300px\" \/><\/a><\/p>\n","protected":false},"excerpt":{"rendered":"<p>Super soir\u00e9e au Barlok ce 25 juin 2016. Un super grand merci \u00e0 Eliott de Cr\u00eates et P\u00e2querettes (thx to Thomas too). Merci pour tout \ud83d\ude09 Et d\u00e9sol\u00e9 d&rsquo;avoir mang\u00e9 tout l&rsquo;houmous, mais nickel au r\u00e9veil \ud83d\ude09 Merci \u00e0 Eric&hellip; <a href=\"http:\/\/mourmansk150.org\/non-acquis\/wp\/?page_id=689\" class=\"more-link\">Continuer la lecture <span class=\"meta-nav\">&rarr;<\/span><\/a><\/p>\n","protected":false},"author":1,"featured_media":0,"parent":14,"menu_order":0,"comment_status":"closed","ping_status":"closed","template":"","meta":{"footnotes":""},"class_list":["post-689","page","type-page","status-publish","hentry"],"_links":{"self":[{"href":"http:\/\/mourmansk150.org\/non-acquis\/wp\/index.php?rest_route=\/wp\/v2\/pages\/689","targetHints":{"allow":["GET"]}}],"collection":[{"href":"http:\/\/mourmansk150.org\/non-acquis\/wp\/index.php?rest_route=\/wp\/v2\/pages"}],"about":[{"href":"http:\/\/mourmansk150.org\/non-acquis\/wp\/index.php?rest_route=\/wp\/v2\/types\/page"}],"author":[{"embeddable":true,"href":"http:\/\/mourmansk150.org\/non-acquis\/wp\/index.php?rest_route=\/wp\/v2\/users\/1"}],"replies":[{"embeddable":true,"href":"http:\/\/mourmansk150.org\/non-acquis\/wp\/index.php?rest_route=%2Fwp%2Fv2%2Fcomments&post=689"}],"version-history":[{"count":5,"href":"http:\/\/mourmansk150.org\/non-acquis\/wp\/index.php?rest_route=\/wp\/v2\/pages\/689\/revisions"}],"predecessor-version":[{"id":694,"href":"http:\/\/mourmansk150.org\/non-acquis\/wp\/index.php?rest_route=\/wp\/v2\/pages\/689\/revisions\/694"}],"up":[{"embeddable":true,"href":"http:\/\/mourmansk150.org\/non-acquis\/wp\/index.php?rest_route=\/wp\/v2\/pages\/14"}],"wp:attachment":[{"href":"http:\/\/mourmansk150.org\/non-acquis\/wp\/index.php?rest_route=%2Fwp%2Fv2%2Fmedia&parent=689"}],"curies":[{"name":"wp","href":"https:\/\/api.w.org\/{rel}","templated":true}]}}