{"id":669,"date":"2016-05-29T13:23:57","date_gmt":"2016-05-29T12:23:57","guid":{"rendered":"http:\/\/mourmansk150.org\/non-acquis\/wp\/?page_id=669"},"modified":"2016-05-29T16:07:28","modified_gmt":"2016-05-29T15:07:28","slug":"chez-malou-et-yolanne-le-28052016","status":"publish","type":"page","link":"http:\/\/mourmansk150.org\/non-acquis\/wp\/?page_id=669","title":{"rendered":"Chez Malou et Yoanne, le 28\/05\/2016"},"content":{"rendered":"<p>Concert \u00e0 Boulogne sur Helpe;<br \/>\nLe 28 mai 2016<br \/>\nUn grand merci \u00e0 Malou et Yoanne pour l&rsquo;invit et la philosophie du lieu.<br \/>\nUne tr\u00e8s bonne soir\u00e9e \ud83d\ude42<br \/>\n[\u00a0avec Max, French Kyste,  Die Gruppe et Radical Sucker ]<\/p>\n<p><iframe loading=\"lazy\" src=\"http:\/\/non-acquis.mourmansk150.org\/img\/NA-20160528\/20160528\/\" name=\"Album photo\" width=\"600\" height=\"475\" frameborder=\"yes\" scrolling=\"auto\"><\/iframe><\/p>\n<p>Version plein &eacute;cran : <a href=\"http:\/\/non-acquis.mourmansk150.org\/img\/NA-20160528\/20160528\/\" target=\"_blank\">cliquez ici<\/a>.<\/p>\n<p>Une petite vid\u00e9o (attention au cou, faut pencher la t\u00eate&#8230;.)<br \/>\n<iframe loading=\"lazy\" width=\"420\" height=\"315\" src=\"\/\/www.youtube.com\/embed\/EYg_akFndbg\" frameborder=\"0\" allowfullscreen><\/iframe><\/p>\n<p>Un extrait sonore, avec la participation de <strong>Tin\u00f9viel<\/strong> \ud83d\ude09<\/p>\n<p>\n<object type=\"application\/x-shockwave-flash\" data=\"http:\/\/mourmansk150.org\/non-acquis\/dewplayer-playlist.swf\" width=\"150\"  height=\"150\" id=\"dewplayer\" name=\"dewplayer\"><param name=\"wmode\" value=\"transparent\" \/><param name=\"movie\" value=\"http:\/\/mourmansk150.org\/non-acquis\/dewplayer-playlist.swf\" \/><param name=\"flashvars\" value=\"showtime=true&#038;autoreplay=true&#038;xml=http:\/\/mourmansk150.org\/non-acquis\/sound\/20160528\/playlist-20160528.xml\" \/><\/object><\/p>\n","protected":false},"excerpt":{"rendered":"<p>Concert \u00e0 Boulogne sur Helpe; Le 28 mai 2016 Un grand merci \u00e0 Malou et Yoanne pour l&rsquo;invit et la philosophie du lieu. Une tr\u00e8s bonne soir\u00e9e \ud83d\ude42 [\u00a0avec Max, French Kyste, Die Gruppe et Radical Sucker ] Version plein&hellip; <a href=\"http:\/\/mourmansk150.org\/non-acquis\/wp\/?page_id=669\" class=\"more-link\">Continuer la lecture <span class=\"meta-nav\">&rarr;<\/span><\/a><\/p>\n","protected":false},"author":1,"featured_media":0,"parent":14,"menu_order":0,"comment_status":"closed","ping_status":"closed","template":"","meta":{"footnotes":""},"class_list":["post-669","page","type-page","status-publish","hentry"],"_links":{"self":[{"href":"http:\/\/mourmansk150.org\/non-acquis\/wp\/index.php?rest_route=\/wp\/v2\/pages\/669","targetHints":{"allow":["GET"]}}],"collection":[{"href":"http:\/\/mourmansk150.org\/non-acquis\/wp\/index.php?rest_route=\/wp\/v2\/pages"}],"about":[{"href":"http:\/\/mourmansk150.org\/non-acquis\/wp\/index.php?rest_route=\/wp\/v2\/types\/page"}],"author":[{"embeddable":true,"href":"http:\/\/mourmansk150.org\/non-acquis\/wp\/index.php?rest_route=\/wp\/v2\/users\/1"}],"replies":[{"embeddable":true,"href":"http:\/\/mourmansk150.org\/non-acquis\/wp\/index.php?rest_route=%2Fwp%2Fv2%2Fcomments&post=669"}],"version-history":[{"count":13,"href":"http:\/\/mourmansk150.org\/non-acquis\/wp\/index.php?rest_route=\/wp\/v2\/pages\/669\/revisions"}],"predecessor-version":[{"id":687,"href":"http:\/\/mourmansk150.org\/non-acquis\/wp\/index.php?rest_route=\/wp\/v2\/pages\/669\/revisions\/687"}],"up":[{"embeddable":true,"href":"http:\/\/mourmansk150.org\/non-acquis\/wp\/index.php?rest_route=\/wp\/v2\/pages\/14"}],"wp:attachment":[{"href":"http:\/\/mourmansk150.org\/non-acquis\/wp\/index.php?rest_route=%2Fwp%2Fv2%2Fmedia&parent=669"}],"curies":[{"name":"wp","href":"https:\/\/api.w.org\/{rel}","templated":true}]}}