{"id":562,"date":"2015-09-21T18:04:25","date_gmt":"2015-09-21T17:04:25","guid":{"rendered":"http:\/\/mourmansk150.org\/non-acquis\/wp\/?page_id=562"},"modified":"2015-10-08T18:05:35","modified_gmt":"2015-10-08T17:05:35","slug":"le-coin-aux-etoiles-mons-be-2015-10-10","status":"publish","type":"page","link":"http:\/\/mourmansk150.org\/non-acquis\/wp\/?page_id=562","title":{"rendered":"[ANNULE]\u00a0Le Coin aux Etoiles, MONS (BE), 2015 10 10"},"content":{"rendered":"<p>ANNULE ANNULE ANNULE ANNULE ANNULE ANNULE ANNULE ANNULE !!!!!<\/p>\n<p>***BENEFIT CAMP NO TTIP***<\/p>\n<p>DIRTY MONKEY SIDE : Fanfare&rsquo;n&rsquo;roll<br \/>\n<a href=\"https:\/\/www.facebook.com\/DirtyMonkeySide\/timeline\">https:\/\/www.facebook.com\/DirtyMonkeySide\/timeline<\/a><\/p>\n<p>NON ACQUIS : anarcho punk<br \/>\n<a href=\"http:\/\/mourmansk150.org\/non-acquis\/wp\/\">http:\/\/mourmansk150.org\/non-acquis\/wp\/<\/a><\/p>\n<p>ATOMES D&rsquo;INTIFA : rap<br \/>\n<a href=\"https:\/\/www.facebook.com\/AtomesDIntifada?fref=ts\">https:\/\/www.facebook.com\/AtomesDIntifada?fref=ts<\/a><\/p>\n<p>L&rsquo;entr\u00e9e de la soir\u00e9e sera en prix libre.<br \/>\nLes b\u00e9n\u00e9fices de cette soir\u00e9e serviront \u00e0 financer le CAMP NO TTIP (<a href=\"https:\/\/www.facebook.com\/events\/1608109572772139\/\">https:\/\/www.facebook.com\/events\/1608109572772139\/<\/a>)<\/p>\n<p>Plus d&rsquo;info : <a href=\"https:\/\/campnottip.noblogs.org\/\">https:\/\/campnottip.noblogs.org\/<\/a><\/p>\n","protected":false},"excerpt":{"rendered":"<p>ANNULE ANNULE ANNULE ANNULE ANNULE ANNULE ANNULE ANNULE !!!!! ***BENEFIT CAMP NO TTIP*** DIRTY MONKEY SIDE : Fanfare&rsquo;n&rsquo;roll https:\/\/www.facebook.com\/DirtyMonkeySide\/timeline NON ACQUIS : anarcho punk http:\/\/mourmansk150.org\/non-acquis\/wp\/ ATOMES D&rsquo;INTIFA : rap https:\/\/www.facebook.com\/AtomesDIntifada?fref=ts L&rsquo;entr\u00e9e de la soir\u00e9e sera en prix libre. Les b\u00e9n\u00e9fices&hellip; <a href=\"http:\/\/mourmansk150.org\/non-acquis\/wp\/?page_id=562\" class=\"more-link\">Continuer la lecture <span class=\"meta-nav\">&rarr;<\/span><\/a><\/p>\n","protected":false},"author":1,"featured_media":0,"parent":10,"menu_order":96,"comment_status":"open","ping_status":"closed","template":"","meta":{"footnotes":""},"class_list":["post-562","page","type-page","status-publish","hentry"],"_links":{"self":[{"href":"http:\/\/mourmansk150.org\/non-acquis\/wp\/index.php?rest_route=\/wp\/v2\/pages\/562","targetHints":{"allow":["GET"]}}],"collection":[{"href":"http:\/\/mourmansk150.org\/non-acquis\/wp\/index.php?rest_route=\/wp\/v2\/pages"}],"about":[{"href":"http:\/\/mourmansk150.org\/non-acquis\/wp\/index.php?rest_route=\/wp\/v2\/types\/page"}],"author":[{"embeddable":true,"href":"http:\/\/mourmansk150.org\/non-acquis\/wp\/index.php?rest_route=\/wp\/v2\/users\/1"}],"replies":[{"embeddable":true,"href":"http:\/\/mourmansk150.org\/non-acquis\/wp\/index.php?rest_route=%2Fwp%2Fv2%2Fcomments&post=562"}],"version-history":[{"count":3,"href":"http:\/\/mourmansk150.org\/non-acquis\/wp\/index.php?rest_route=\/wp\/v2\/pages\/562\/revisions"}],"predecessor-version":[{"id":571,"href":"http:\/\/mourmansk150.org\/non-acquis\/wp\/index.php?rest_route=\/wp\/v2\/pages\/562\/revisions\/571"}],"up":[{"embeddable":true,"href":"http:\/\/mourmansk150.org\/non-acquis\/wp\/index.php?rest_route=\/wp\/v2\/pages\/10"}],"wp:attachment":[{"href":"http:\/\/mourmansk150.org\/non-acquis\/wp\/index.php?rest_route=%2Fwp%2Fv2%2Fmedia&parent=562"}],"curies":[{"name":"wp","href":"https:\/\/api.w.org\/{rel}","templated":true}]}}