{"id":557,"date":"2015-07-06T20:14:36","date_gmt":"2015-07-06T19:14:36","guid":{"rendered":"http:\/\/mourmansk150.org\/non-acquis\/wp\/?page_id=557"},"modified":"2015-07-06T20:14:36","modified_gmt":"2015-07-06T19:14:36","slug":"sdf","status":"publish","type":"page","link":"http:\/\/mourmansk150.org\/non-acquis\/wp\/?page_id=557","title":{"rendered":"SDF"},"content":{"rendered":"<p>Agenouill\u00e9 dans la rue<br \/>\nCertains lui crachent dessus<br \/>\nD&rsquo;autres n&rsquo;remarquent plus sa pr\u00e9sence<br \/>\nOn oubli\u00e9 son existence<br \/>\nPourtant ils sont des milliers<br \/>\nA dormir sur le pav\u00e9<br \/>\nSous la neige sous la pluie<br \/>\nSolidarit\u00e9 pour les sans abris<\/p>\n<p>Cette cruelle r\u00e9alit\u00e9<br \/>\nElle n&rsquo;est engendr\u00e9e<br \/>\nQue par un manque d&rsquo;humanit\u00e9<br \/>\nPutain de loi du march\u00e9<br \/>\nSi t&rsquo;es riche t&rsquo;as un toit<br \/>\nSinon c&rsquo;est tant pis pour toi<br \/>\nDans ce monde o\u00f9 l&rsquo;argent est roi<br \/>\nC&rsquo;est toujours chacun pour soi<\/p>\n<p>Juste un peu de r\u00e9confort<br \/>\nPour celui qui dort dehors<br \/>\nJuste un peu de compassion<br \/>\nPour celui qui n&rsquo;a pas d&rsquo;maison<br \/>\nJuste une pi\u00e8ce \u00e0 donner<br \/>\nPour celui qui ne sait pas o\u00f9 cr\u00e9cher<br \/>\nJuste un peu d&rsquo;humanit\u00e9<br \/>\nPour celui qui ne sait pas o\u00f9 squatter<br \/>\nET TOUT MON DESARROI<br \/>\nPOUR CELUI QUI N&rsquo;A PAS D&rsquo;TOIT<\/p>\n","protected":false},"excerpt":{"rendered":"<p>Agenouill\u00e9 dans la rue Certains lui crachent dessus D&rsquo;autres n&rsquo;remarquent plus sa pr\u00e9sence On oubli\u00e9 son existence Pourtant ils sont des milliers A dormir sur le pav\u00e9 Sous la neige sous la pluie Solidarit\u00e9 pour les sans abris Cette cruelle&hellip; <a href=\"http:\/\/mourmansk150.org\/non-acquis\/wp\/?page_id=557\" class=\"more-link\">Continuer la lecture <span class=\"meta-nav\">&rarr;<\/span><\/a><\/p>\n","protected":false},"author":1,"featured_media":0,"parent":6,"menu_order":0,"comment_status":"open","ping_status":"open","template":"","meta":{"footnotes":""},"class_list":["post-557","page","type-page","status-publish","hentry"],"_links":{"self":[{"href":"http:\/\/mourmansk150.org\/non-acquis\/wp\/index.php?rest_route=\/wp\/v2\/pages\/557","targetHints":{"allow":["GET"]}}],"collection":[{"href":"http:\/\/mourmansk150.org\/non-acquis\/wp\/index.php?rest_route=\/wp\/v2\/pages"}],"about":[{"href":"http:\/\/mourmansk150.org\/non-acquis\/wp\/index.php?rest_route=\/wp\/v2\/types\/page"}],"author":[{"embeddable":true,"href":"http:\/\/mourmansk150.org\/non-acquis\/wp\/index.php?rest_route=\/wp\/v2\/users\/1"}],"replies":[{"embeddable":true,"href":"http:\/\/mourmansk150.org\/non-acquis\/wp\/index.php?rest_route=%2Fwp%2Fv2%2Fcomments&post=557"}],"version-history":[{"count":1,"href":"http:\/\/mourmansk150.org\/non-acquis\/wp\/index.php?rest_route=\/wp\/v2\/pages\/557\/revisions"}],"predecessor-version":[{"id":558,"href":"http:\/\/mourmansk150.org\/non-acquis\/wp\/index.php?rest_route=\/wp\/v2\/pages\/557\/revisions\/558"}],"up":[{"embeddable":true,"href":"http:\/\/mourmansk150.org\/non-acquis\/wp\/index.php?rest_route=\/wp\/v2\/pages\/6"}],"wp:attachment":[{"href":"http:\/\/mourmansk150.org\/non-acquis\/wp\/index.php?rest_route=%2Fwp%2Fv2%2Fmedia&parent=557"}],"curies":[{"name":"wp","href":"https:\/\/api.w.org\/{rel}","templated":true}]}}