{"id":545,"date":"2015-05-25T11:09:38","date_gmt":"2015-05-25T10:09:38","guid":{"rendered":"http:\/\/mourmansk150.org\/non-acquis\/wp\/?page_id=545"},"modified":"2015-09-21T18:05:36","modified_gmt":"2015-09-21T17:05:36","slug":"make-noize-not-muzik-20-juin-2015-le-sous-bock-solesmes-fr","status":"publish","type":"page","link":"http:\/\/mourmansk150.org\/non-acquis\/wp\/?page_id=545","title":{"rendered":"MaKe NoiZe Not MuZik, 20 juin 2015, Le Sous Bock, Solesmes (FR)"},"content":{"rendered":"<p>Contestarock et le sous bock on le grand plaisir de vous convier \u00e0 venir faire du bruit et de trinquer \u00e0 l&rsquo;occasion des \u00ab\u00a0d\u00e9faites de la musique\u00a0\u00bb pas moins de 5 groupes au programme qui vont vous remuer du coude et des gambettes, le tout gratos bien \u00e9videment&#8230; faut qu&rsquo;\u00e7a berloque !!! niveau prog du keupon \u00e0 gogo, vous pourrez y voir ou d\u00e9couvrir :<\/p>\n<p><strong>L&rsquo;INSOUMIS<\/strong><br \/>\n<a href=\"https:\/\/www.youtube.com\/watch?v=o8c36U8xfso\" target=\"_blank\">https:\/\/www.youtube.com\/watch?v=o8c36U8xfso<\/a><\/p>\n<p><strong>L&rsquo;ANARKAOS (ex tentative de suicide)<\/strong><br \/>\n<a href=\"https:\/\/www.facebook.com\/pages\/Lanarkaos\/350354441794401?fref=ts\" target=\"_blank\">https:\/\/www.facebook.com\/pages\/Lanarkaos\/350354441794401?fref=ts<\/a><\/p>\n<p><strong>NON ACQUIS<\/strong><br \/>\n<a href=\"http:\/\/mourmansk150.org\/non-acquis\/sound\/20150501\/veganarchopunk.html\">http:\/\/mourmansk150.org\/non-acquis\/sound\/20150501\/veganarchopunk.html<\/a><\/p>\n<p><strong>LNP<\/strong><br \/>\n<a href=\"https:\/\/www.reverbnation.com\/lesnenfantsperdus2\/song\/22321398-musique-eudsinge\" target=\"_blank\">https:\/\/www.reverbnation.com\/lesnenfantsperdus2\/song\/22321398-musique-eudsinge<\/a><\/p>\n<p><strong>GASTEROPODES KILLERS<\/strong><br \/>\n<a href=\"https:\/\/www.reverbnation.com\/gast\u00e9ropodeskillers\" target=\"_blank\">https:\/\/www.reverbnation.com\/gast\u00e9ropodeskillers<\/a><\/p>\n<p><a href=\"http:\/\/mourmansk150.org\/non-acquis\/wp\/wp-content\/uploads\/2015\/05\/11247608_10200507965378960_5686084812499273236_n.jpg\"><img loading=\"lazy\" decoding=\"async\" src=\"http:\/\/mourmansk150.org\/non-acquis\/wp\/wp-content\/uploads\/2015\/05\/11247608_10200507965378960_5686084812499273236_n-220x300.jpg\" alt=\"11247608_10200507965378960_5686084812499273236_n\" width=\"220\" height=\"300\" class=\"alignnone size-medium wp-image-546\" srcset=\"http:\/\/mourmansk150.org\/non-acquis\/wp\/wp-content\/uploads\/2015\/05\/11247608_10200507965378960_5686084812499273236_n-220x300.jpg 220w, http:\/\/mourmansk150.org\/non-acquis\/wp\/wp-content\/uploads\/2015\/05\/11247608_10200507965378960_5686084812499273236_n.jpg 704w\" sizes=\"auto, (max-width: 220px) 100vw, 220px\" \/><\/a><\/p>\n<p><a href=\"http:\/\/mourmansk150.org\/non-acquis\/wp\/wp-content\/uploads\/2015\/05\/11263848_10200514053131150_292164555_n.jpg\"><img loading=\"lazy\" decoding=\"async\" src=\"http:\/\/mourmansk150.org\/non-acquis\/wp\/wp-content\/uploads\/2015\/05\/11263848_10200514053131150_292164555_n-220x300.jpg\" alt=\"11263848_10200514053131150_292164555_n\" width=\"220\" height=\"300\" class=\"alignnone size-medium wp-image-547\" srcset=\"http:\/\/mourmansk150.org\/non-acquis\/wp\/wp-content\/uploads\/2015\/05\/11263848_10200514053131150_292164555_n-220x300.jpg 220w, http:\/\/mourmansk150.org\/non-acquis\/wp\/wp-content\/uploads\/2015\/05\/11263848_10200514053131150_292164555_n.jpg 704w\" sizes=\"auto, (max-width: 220px) 100vw, 220px\" \/><\/a><\/p>\n<p><a href=\"http:\/\/mourmansk150.org\/non-acquis\/wp\/wp-content\/uploads\/2015\/05\/flyers-affiches-make-noise.pdf\">flyers-affiches-make-noise<\/a><\/p>\n","protected":false},"excerpt":{"rendered":"<p>Contestarock et le sous bock on le grand plaisir de vous convier \u00e0 venir faire du bruit et de trinquer \u00e0 l&rsquo;occasion des \u00ab\u00a0d\u00e9faites de la musique\u00a0\u00bb pas moins de 5 groupes au programme qui vont vous remuer du coude&hellip; <a href=\"http:\/\/mourmansk150.org\/non-acquis\/wp\/?page_id=545\" class=\"more-link\">Continuer la lecture <span class=\"meta-nav\">&rarr;<\/span><\/a><\/p>\n","protected":false},"author":1,"featured_media":0,"parent":10,"menu_order":97,"comment_status":"open","ping_status":"open","template":"","meta":{"footnotes":""},"class_list":["post-545","page","type-page","status-publish","hentry"],"_links":{"self":[{"href":"http:\/\/mourmansk150.org\/non-acquis\/wp\/index.php?rest_route=\/wp\/v2\/pages\/545","targetHints":{"allow":["GET"]}}],"collection":[{"href":"http:\/\/mourmansk150.org\/non-acquis\/wp\/index.php?rest_route=\/wp\/v2\/pages"}],"about":[{"href":"http:\/\/mourmansk150.org\/non-acquis\/wp\/index.php?rest_route=\/wp\/v2\/types\/page"}],"author":[{"embeddable":true,"href":"http:\/\/mourmansk150.org\/non-acquis\/wp\/index.php?rest_route=\/wp\/v2\/users\/1"}],"replies":[{"embeddable":true,"href":"http:\/\/mourmansk150.org\/non-acquis\/wp\/index.php?rest_route=%2Fwp%2Fv2%2Fcomments&post=545"}],"version-history":[{"count":1,"href":"http:\/\/mourmansk150.org\/non-acquis\/wp\/index.php?rest_route=\/wp\/v2\/pages\/545\/revisions"}],"predecessor-version":[{"id":549,"href":"http:\/\/mourmansk150.org\/non-acquis\/wp\/index.php?rest_route=\/wp\/v2\/pages\/545\/revisions\/549"}],"up":[{"embeddable":true,"href":"http:\/\/mourmansk150.org\/non-acquis\/wp\/index.php?rest_route=\/wp\/v2\/pages\/10"}],"wp:attachment":[{"href":"http:\/\/mourmansk150.org\/non-acquis\/wp\/index.php?rest_route=%2Fwp%2Fv2%2Fmedia&parent=545"}],"curies":[{"name":"wp","href":"https:\/\/api.w.org\/{rel}","templated":true}]}}