{"id":514,"date":"2015-05-05T16:00:15","date_gmt":"2015-05-05T15:00:15","guid":{"rendered":"http:\/\/mourmansk150.org\/non-acquis\/wp\/?page_id=514"},"modified":"2015-05-05T16:01:29","modified_gmt":"2015-05-05T15:01:29","slug":"manifeste","status":"publish","type":"page","link":"http:\/\/mourmansk150.org\/non-acquis\/wp\/?page_id=514","title":{"rendered":"Manifeste"},"content":{"rendered":"<p>Tu avances tu manifestes<br \/>\ndans la rue, tu protestes<br \/>\ncontre cet \u00e9tat pourri<br \/>\nqui tous les jours te g\u00e2che la vie<\/p>\n<p>Tu avances tu manifestes<br \/>\ndans la rue tu protestes<br \/>\ncagoules et poubelles<br \/>\non va foutre un sacr\u00e9 bordel<\/p>\n<p>  Y en a assez<br \/>\n  Il est temps de se r\u00e9volter<\/p>\n<p>Tu avances tu manifestes<br \/>\ndans ta bo\u00eete tu protestes<br \/>\ncontre ces capitalos<br \/>\nqui s&rsquo;engraissent sur ton dos<\/p>\n<p>Tu avances tu manifestes<br \/>\ndans ta bo\u00eete tu protestes<br \/>\nles patrons faut les lyncher<br \/>\nplus besoin d&rsquo;aller bosser<\/p>\n<p>  Y en a assez<br \/>\n  Il est temps de se r\u00e9volter<\/p>\n<p>Tu avances tu manifestes<br \/>\ncontre cette bouffe tu protestes<br \/>\ntoutes ces merdes de mc do<br \/>\ndes cadavres de d&rsquo;animaux<\/p>\n<p>Tu avances tu manifestes<br \/>\ncontre cette bouffe tu protestes<br \/>\ncontre les cultures OGM<br \/>\net les \u00e9levages industriels<\/p>\n<p>  Y en a assez<br \/>\n  Il est temps de se r\u00e9volter<\/p>\n<p>Tu avances tu manifestes<br \/>\ncontre ces lois tu protestes<br \/>\nvot\u00e9es sans humanit\u00e9<br \/>\nsans aucune fraternit\u00e9<\/p>\n<p>Tu avances tu manifestes<br \/>\ncontre ces lois tu protestes<br \/>\npour ces immigr\u00e9s exil\u00e9s<br \/>\nqu&rsquo;on ne sait que renvoyer<\/p>\n<p>  Y en a assez<br \/>\n  Il est temps de se r\u00e9volter<\/p>\n<p>Tu avances tu manifestes<br \/>\net dans la rue on t&rsquo;arr\u00eate<br \/>\non outrepasse tes droits<br \/>\net faire taire ta voix<\/p>\n<p>Tu avances tu manifestes<br \/>\nen prison on te jette<br \/>\nt&rsquo;y resteras et moisiras<br \/>\ncar la force s&rsquo;appelle loi<\/p>\n<p>  Y en a assez<br \/>\n  Il est temps de se r\u00e9volter &#8230;<\/p>\n","protected":false},"excerpt":{"rendered":"<p>Tu avances tu manifestes dans la rue, tu protestes contre cet \u00e9tat pourri qui tous les jours te g\u00e2che la vie Tu avances tu manifestes dans la rue tu protestes cagoules et poubelles on va foutre un sacr\u00e9 bordel Y&hellip; <a href=\"http:\/\/mourmansk150.org\/non-acquis\/wp\/?page_id=514\" class=\"more-link\">Continuer la lecture <span class=\"meta-nav\">&rarr;<\/span><\/a><\/p>\n","protected":false},"author":1,"featured_media":0,"parent":6,"menu_order":0,"comment_status":"open","ping_status":"open","template":"","meta":{"footnotes":""},"class_list":["post-514","page","type-page","status-publish","hentry"],"_links":{"self":[{"href":"http:\/\/mourmansk150.org\/non-acquis\/wp\/index.php?rest_route=\/wp\/v2\/pages\/514","targetHints":{"allow":["GET"]}}],"collection":[{"href":"http:\/\/mourmansk150.org\/non-acquis\/wp\/index.php?rest_route=\/wp\/v2\/pages"}],"about":[{"href":"http:\/\/mourmansk150.org\/non-acquis\/wp\/index.php?rest_route=\/wp\/v2\/types\/page"}],"author":[{"embeddable":true,"href":"http:\/\/mourmansk150.org\/non-acquis\/wp\/index.php?rest_route=\/wp\/v2\/users\/1"}],"replies":[{"embeddable":true,"href":"http:\/\/mourmansk150.org\/non-acquis\/wp\/index.php?rest_route=%2Fwp%2Fv2%2Fcomments&post=514"}],"version-history":[{"count":2,"href":"http:\/\/mourmansk150.org\/non-acquis\/wp\/index.php?rest_route=\/wp\/v2\/pages\/514\/revisions"}],"predecessor-version":[{"id":516,"href":"http:\/\/mourmansk150.org\/non-acquis\/wp\/index.php?rest_route=\/wp\/v2\/pages\/514\/revisions\/516"}],"up":[{"embeddable":true,"href":"http:\/\/mourmansk150.org\/non-acquis\/wp\/index.php?rest_route=\/wp\/v2\/pages\/6"}],"wp:attachment":[{"href":"http:\/\/mourmansk150.org\/non-acquis\/wp\/index.php?rest_route=%2Fwp%2Fv2%2Fmedia&parent=514"}],"curies":[{"name":"wp","href":"https:\/\/api.w.org\/{rel}","templated":true}]}}