{"id":493,"date":"2015-05-03T12:16:30","date_gmt":"2015-05-03T11:16:30","guid":{"rendered":"http:\/\/mourmansk150.org\/non-acquis\/wp\/?page_id=493"},"modified":"2015-05-15T21:20:16","modified_gmt":"2015-05-15T20:20:16","slug":"contestarock-iii-25042015","status":"publish","type":"page","link":"http:\/\/mourmansk150.org\/non-acquis\/wp\/?page_id=493","title":{"rendered":"Contestarock III, 25\/04\/2015"},"content":{"rendered":"<p>Vid\u00e9o film\u00e9e le samedi 25 avril, au Coin aux \u00e9toiles, 79 rue Notre Dame \u00e0 mons, 7 000, BELGIQUE.<br \/>\nFestival Contestarock III.<\/p>\n<p><a href=\"https:\/\/youtu.be\/rOENjWj-8fU\">https:\/\/youtu.be\/rOENjWj-8fU<\/a><\/p>\n<p>Morceaux : Tin\u00f9viel, Mother Eath, If liberation<\/p>\n<p>Merci \u00e0 Mullet des Nenfants Perdus pour cette prise.<\/p>\n","protected":false},"excerpt":{"rendered":"<p>Vid\u00e9o film\u00e9e le samedi 25 avril, au Coin aux \u00e9toiles, 79 rue Notre Dame \u00e0 mons, 7 000, BELGIQUE. Festival Contestarock III. Morceaux : Tin\u00f9viel, Mother Eath, If liberation Merci \u00e0 Mullet des Nenfants Perdus pour cette prise.<\/p>\n","protected":false},"author":1,"featured_media":0,"parent":12,"menu_order":0,"comment_status":"open","ping_status":"open","template":"","meta":{"footnotes":""},"class_list":["post-493","page","type-page","status-publish","hentry"],"_links":{"self":[{"href":"http:\/\/mourmansk150.org\/non-acquis\/wp\/index.php?rest_route=\/wp\/v2\/pages\/493","targetHints":{"allow":["GET"]}}],"collection":[{"href":"http:\/\/mourmansk150.org\/non-acquis\/wp\/index.php?rest_route=\/wp\/v2\/pages"}],"about":[{"href":"http:\/\/mourmansk150.org\/non-acquis\/wp\/index.php?rest_route=\/wp\/v2\/types\/page"}],"author":[{"embeddable":true,"href":"http:\/\/mourmansk150.org\/non-acquis\/wp\/index.php?rest_route=\/wp\/v2\/users\/1"}],"replies":[{"embeddable":true,"href":"http:\/\/mourmansk150.org\/non-acquis\/wp\/index.php?rest_route=%2Fwp%2Fv2%2Fcomments&post=493"}],"version-history":[{"count":7,"href":"http:\/\/mourmansk150.org\/non-acquis\/wp\/index.php?rest_route=\/wp\/v2\/pages\/493\/revisions"}],"predecessor-version":[{"id":534,"href":"http:\/\/mourmansk150.org\/non-acquis\/wp\/index.php?rest_route=\/wp\/v2\/pages\/493\/revisions\/534"}],"up":[{"embeddable":true,"href":"http:\/\/mourmansk150.org\/non-acquis\/wp\/index.php?rest_route=\/wp\/v2\/pages\/12"}],"wp:attachment":[{"href":"http:\/\/mourmansk150.org\/non-acquis\/wp\/index.php?rest_route=%2Fwp%2Fv2%2Fmedia&parent=493"}],"curies":[{"name":"wp","href":"https:\/\/api.w.org\/{rel}","templated":true}]}}