{"id":482,"date":"2015-05-03T11:55:26","date_gmt":"2015-05-03T10:55:26","guid":{"rendered":"http:\/\/mourmansk150.org\/non-acquis\/wp\/?page_id=482"},"modified":"2015-05-15T21:34:28","modified_gmt":"2015-05-15T20:34:28","slug":"482-2","status":"publish","type":"page","link":"http:\/\/mourmansk150.org\/non-acquis\/wp\/?page_id=482","title":{"rendered":"Veganarchopunk &#8211; CD 10 titres"},"content":{"rendered":"<p><a href=\"http:\/\/mourmansk150.org\/non-acquis\/sound\/20150501\/veganarchopunk.html\" target=\"_blank\">T\u00e9l\u00e9chargement libre : CD diff\u00e9rents formats (WAV, MP3, pochette et lyrics (FR, EN).<\/a><\/p>\n<p>Recording session le 01 \/ 05 \/2015 <\/p>\n<p>Prises son Tristan , mix Non Acquis.<br \/>\nPrises masteris\u00e9es le 09\/ 05 \/ 2015 par Non Acquis.<br \/>\n<P><\/p>\n<ol>\n<li>Non Acquis<\/li>\n<li>Saboteur [paroles <a href=\"http:\/\/mourmansk150.org\/non-acquis\/wp\/?page_id=418\" target=\"_blank\">FR<\/a> | <a href=\"http:\/\/mourmansk150.org\/non-acquis\/wp\/?page_id=452\" target=\"_blank\">EN<\/a> ]<\/li>\n<li>CRAC [paroles <a href=\"http:\/\/mourmansk150.org\/non-acquis\/wp\/?page_id=261\" target=\"_blank\">FR<\/a>]<\/li>\n<li>If liberation is terrorism [paroles <a href=\"http:\/\/mourmansk150.org\/non-acquis\/wp\/?page_id=176\" target=\"_blank\">FR<\/a> | <a href=\"http:\/\/mourmansk150.org\/non-acquis\/wp\/?page_id=454\" target=\"_blank\">EN<\/a> ]<\/li>\n<li>J&rsquo;aime pas ta viande [paroles <a href=\"http:\/\/mourmansk150.org\/non-acquis\/wp\/?page_id=172\" target=\"_blank\">FR<\/a>]<\/li>\n<li>Manifeste [paroles <a href=\"http:\/\/mourmansk150.org\/non-acquis\/wp\/?page_id=514\" target=\"_blank\">FR<\/a>]<\/li>\n<li>Ecologie Radicale [paroles <a href=\"http:\/\/mourmansk150.org\/non-acquis\/wp\/?page_id=367\" target=\"_blank\">FR<\/a>]<\/li>\n<li>Mother Earth [paroles <a href=\"http:\/\/mourmansk150.org\/non-acquis\/wp\/?page_id=488\" target=\"_blank\">FR | EN<\/a> ]<\/li>\n<li>Notre O\u00efkos [paroles <a href=\"http:\/\/mourmansk150.org\/non-acquis\/wp\/?page_id=350\" target=\"_blank\">FR<\/a>]<\/li>\n<li>Debout ! [paroles <a href=\"http:\/\/mourmansk150.org\/non-acquis\/wp\/?page_id=353\" target=\"_blank\">FR<\/a>]<\/li>\n<\/ol>\n<p><\/P><\/p>\n<p><a href=\"http:\/\/mourmansk150.org\/non-acquis\/sound\/20150501\/veganarchopunk.html\" target=\"_blank\">T\u00e9l\u00e9chargement libre : CD diff\u00e9rents formats (WAV, MP3, pochette et lyrics (FR, EN).<\/a><\/p>\n<p>\n<object type=\"application\/x-shockwave-flash\" data=\"http:\/\/mourmansk150.org\/non-acquis\/dewplayer-playlist.swf\" width=\"150\"  height=\"150\" id=\"dewplayer\" name=\"dewplayer\"><param name=\"wmode\" value=\"transparent\" \/><param name=\"movie\" value=\"http:\/\/mourmansk150.org\/non-acquis\/dewplayer-playlist.swf\" \/><param name=\"flashvars\" value=\"showtime=true&#038;autoreplay=true&#038;xml=http:\/\/mourmansk150.org\/non-acquis\/playlist-20150501.xml\" \/><\/object><\/p>\n","protected":false},"excerpt":{"rendered":"<p>T\u00e9l\u00e9chargement libre : CD diff\u00e9rents formats (WAV, MP3, pochette et lyrics (FR, EN). Recording session le 01 \/ 05 \/2015 Prises son Tristan , mix Non Acquis. Prises masteris\u00e9es le 09\/ 05 \/ 2015 par Non Acquis. Non Acquis Saboteur&hellip; <a href=\"http:\/\/mourmansk150.org\/non-acquis\/wp\/?page_id=482\" class=\"more-link\">Continuer la lecture <span class=\"meta-nav\">&rarr;<\/span><\/a><\/p>\n","protected":false},"author":1,"featured_media":0,"parent":8,"menu_order":0,"comment_status":"open","ping_status":"open","template":"","meta":{"footnotes":""},"class_list":["post-482","page","type-page","status-publish","hentry"],"_links":{"self":[{"href":"http:\/\/mourmansk150.org\/non-acquis\/wp\/index.php?rest_route=\/wp\/v2\/pages\/482","targetHints":{"allow":["GET"]}}],"collection":[{"href":"http:\/\/mourmansk150.org\/non-acquis\/wp\/index.php?rest_route=\/wp\/v2\/pages"}],"about":[{"href":"http:\/\/mourmansk150.org\/non-acquis\/wp\/index.php?rest_route=\/wp\/v2\/types\/page"}],"author":[{"embeddable":true,"href":"http:\/\/mourmansk150.org\/non-acquis\/wp\/index.php?rest_route=\/wp\/v2\/users\/1"}],"replies":[{"embeddable":true,"href":"http:\/\/mourmansk150.org\/non-acquis\/wp\/index.php?rest_route=%2Fwp%2Fv2%2Fcomments&post=482"}],"version-history":[{"count":25,"href":"http:\/\/mourmansk150.org\/non-acquis\/wp\/index.php?rest_route=\/wp\/v2\/pages\/482\/revisions"}],"predecessor-version":[{"id":543,"href":"http:\/\/mourmansk150.org\/non-acquis\/wp\/index.php?rest_route=\/wp\/v2\/pages\/482\/revisions\/543"}],"up":[{"embeddable":true,"href":"http:\/\/mourmansk150.org\/non-acquis\/wp\/index.php?rest_route=\/wp\/v2\/pages\/8"}],"wp:attachment":[{"href":"http:\/\/mourmansk150.org\/non-acquis\/wp\/index.php?rest_route=%2Fwp%2Fv2%2Fmedia&parent=482"}],"curies":[{"name":"wp","href":"https:\/\/api.w.org\/{rel}","templated":true}]}}