{"id":424,"date":"2015-03-04T13:04:47","date_gmt":"2015-03-04T12:04:47","guid":{"rendered":"http:\/\/mourmansk150.org\/non-acquis\/wp\/?page_id=424"},"modified":"2015-03-04T13:06:26","modified_gmt":"2015-03-04T12:06:26","slug":"lutte-pour-la-cause-animale-2822015","status":"publish","type":"page","link":"http:\/\/mourmansk150.org\/non-acquis\/wp\/?page_id=424","title":{"rendered":"Lutte pour la cause animale, 28\/2\/2015"},"content":{"rendered":"<p>Photos prises au Coin aux \u00e9toiles, le 28  f\u00e9vrier 2015.<br \/>\nSoir\u00e9e DEBAT \/ CONF avec les membres de Non Acquis et David Joly (CRAC \/ CVN) sur le th\u00e8me de la D\u00e9fense Animale sous l\u2019intitul\u00e9 \u00ab Pourquoi lutter pour la cause animale. Rencontre avec un militant. \u00bb<br \/>\nAu programme : D\u00e9bat \/ Vid\u00e9o Conf\u00e9rence<br \/>\npuis concert Les Nenfants Perdus, les Descendants et les  NON ACQUIS. Soir\u00e9e de soutien.<\/p>\n<p>Version plein &eacute;cran : <a href=\"http:\/\/mourmansk150.org\/non-acquis\/img\/NA-20150228\/index.html\" target=\"_blank\">cliquez ici<\/a>.<\/p>\n<p><iframe loading=\"lazy\" src=\"http:\/\/mourmansk150.org\/non-acquis\/img\/NA-20150228\/index.html\" name=\"Album photo\" width=\"600\" height=\"475\" frameborder=\"yes\" scrolling=\"auto\"><\/iframe><\/p>\n<p><img decoding=\"async\" src=\"http:\/\/mourmansk150.org\/non-acquis\/wp\/wp-content\/uploads\/2015\/01\/28fev-bis-300x212.jpg\" alt=\"\" \/><\/p>\n","protected":false},"excerpt":{"rendered":"<p>Photos prises au Coin aux \u00e9toiles, le 28 f\u00e9vrier 2015. Soir\u00e9e DEBAT \/ CONF avec les membres de Non Acquis et David Joly (CRAC \/ CVN) sur le th\u00e8me de la D\u00e9fense Animale sous l\u2019intitul\u00e9 \u00ab Pourquoi lutter pour la&hellip; <a href=\"http:\/\/mourmansk150.org\/non-acquis\/wp\/?page_id=424\" class=\"more-link\">Continuer la lecture <span class=\"meta-nav\">&rarr;<\/span><\/a><\/p>\n","protected":false},"author":1,"featured_media":0,"parent":14,"menu_order":0,"comment_status":"open","ping_status":"open","template":"","meta":{"footnotes":""},"class_list":["post-424","page","type-page","status-publish","hentry"],"_links":{"self":[{"href":"http:\/\/mourmansk150.org\/non-acquis\/wp\/index.php?rest_route=\/wp\/v2\/pages\/424","targetHints":{"allow":["GET"]}}],"collection":[{"href":"http:\/\/mourmansk150.org\/non-acquis\/wp\/index.php?rest_route=\/wp\/v2\/pages"}],"about":[{"href":"http:\/\/mourmansk150.org\/non-acquis\/wp\/index.php?rest_route=\/wp\/v2\/types\/page"}],"author":[{"embeddable":true,"href":"http:\/\/mourmansk150.org\/non-acquis\/wp\/index.php?rest_route=\/wp\/v2\/users\/1"}],"replies":[{"embeddable":true,"href":"http:\/\/mourmansk150.org\/non-acquis\/wp\/index.php?rest_route=%2Fwp%2Fv2%2Fcomments&post=424"}],"version-history":[{"count":2,"href":"http:\/\/mourmansk150.org\/non-acquis\/wp\/index.php?rest_route=\/wp\/v2\/pages\/424\/revisions"}],"predecessor-version":[{"id":426,"href":"http:\/\/mourmansk150.org\/non-acquis\/wp\/index.php?rest_route=\/wp\/v2\/pages\/424\/revisions\/426"}],"up":[{"embeddable":true,"href":"http:\/\/mourmansk150.org\/non-acquis\/wp\/index.php?rest_route=\/wp\/v2\/pages\/14"}],"wp:attachment":[{"href":"http:\/\/mourmansk150.org\/non-acquis\/wp\/index.php?rest_route=%2Fwp%2Fv2%2Fmedia&parent=424"}],"curies":[{"name":"wp","href":"https:\/\/api.w.org\/{rel}","templated":true}]}}