{"id":403,"date":"2015-01-21T17:04:05","date_gmt":"2015-01-21T16:04:05","guid":{"rendered":"http:\/\/mourmansk150.org\/non-acquis\/wp\/?page_id=403"},"modified":"2015-04-08T17:17:19","modified_gmt":"2015-04-08T16:17:19","slug":"le-coin-aux-etoiles-mons-be-2015-04-25","status":"publish","type":"page","link":"http:\/\/mourmansk150.org\/non-acquis\/wp\/?page_id=403","title":{"rendered":"Le coin aux \u00e9toiles, MONS (BE), 2015 04 25"},"content":{"rendered":"<p>Festival : <strong>Contestarock<\/strong><\/p>\n<p><strong>Samedi 25 avril 2015<\/strong><\/p>\n<ul>\n<li> 1 L&rsquo;insoumis (punk\u00e0rythmes, VA)<\/li>\n<li>2 The wicked boy (punk\u00e0rythmes, Dunkerque)<\/li>\n<li> 3 Rou brak  (punk\u00e0rythmes, Mons)<\/li>\n<li> 4 Mambassa bb (punk\u00e0rythmes, Bruxelles)<\/li>\n<li> 5 Cr\u00e8te et paquerette (pun\u00e0rythmes, Ardennes Belge)<\/li>\n<li>6 Non acquis (Anarcho-pun\u00e0rythmes, Avesnois)<\/li>\n<\/ul>\n<p>Infos : le <strong>samedi 25 avril<\/strong>, entr\u00e9e gratos, au  <a href=\"https:\/\/www.facebook.com\/LeCoinAuxEtoiles\" target=\"_blank\">Coin aux \u00e9toiles<\/a>, 79 rue Notre Dame  \u00e0  mons, 7 000, BELGIQUE.<br \/>\n<br \/>D\u00e8s 18h.<\/p>\n<p><a href=\"http:\/\/mourmansk150.org\/non-acquis\/wp\/wp-content\/uploads\/2015\/03\/10401339_678666752279863_5801082812571465940_n.jpg\"><img loading=\"lazy\" decoding=\"async\" src=\"http:\/\/mourmansk150.org\/non-acquis\/wp\/wp-content\/uploads\/2015\/03\/10401339_678666752279863_5801082812571465940_n-212x300.jpg\" alt=\"10401339_678666752279863_5801082812571465940_n\" width=\"212\" height=\"300\" class=\"alignnone size-medium wp-image-460\" srcset=\"http:\/\/mourmansk150.org\/non-acquis\/wp\/wp-content\/uploads\/2015\/03\/10401339_678666752279863_5801082812571465940_n-212x300.jpg 212w, http:\/\/mourmansk150.org\/non-acquis\/wp\/wp-content\/uploads\/2015\/03\/10401339_678666752279863_5801082812571465940_n.jpg 679w\" sizes=\"auto, (max-width: 212px) 100vw, 212px\" \/><\/a><\/p>\n<p><a href=\"http:\/\/mourmansk150.org\/non-acquis\/wp\/wp-content\/uploads\/2015\/03\/20150425-contestarock3.jpg\"><img loading=\"lazy\" decoding=\"async\" src=\"http:\/\/mourmansk150.org\/non-acquis\/wp\/wp-content\/uploads\/2015\/03\/20150425-contestarock3-217x300.jpg\" alt=\"20150425-contestarock3\" width=\"217\" height=\"300\" class=\"alignnone size-medium wp-image-447\" srcset=\"http:\/\/mourmansk150.org\/non-acquis\/wp\/wp-content\/uploads\/2015\/03\/20150425-contestarock3-217x300.jpg 217w, http:\/\/mourmansk150.org\/non-acquis\/wp\/wp-content\/uploads\/2015\/03\/20150425-contestarock3.jpg 695w\" sizes=\"auto, (max-width: 217px) 100vw, 217px\" \/><\/a><\/p>\n","protected":false},"excerpt":{"rendered":"<p>Festival : Contestarock Samedi 25 avril 2015 1 L&rsquo;insoumis (punk\u00e0rythmes, VA) 2 The wicked boy (punk\u00e0rythmes, Dunkerque) 3 Rou brak (punk\u00e0rythmes, Mons) 4 Mambassa bb (punk\u00e0rythmes, Bruxelles) 5 Cr\u00e8te et paquerette (pun\u00e0rythmes, Ardennes Belge) 6 Non acquis (Anarcho-pun\u00e0rythmes, Avesnois) Infos&hellip; <a href=\"http:\/\/mourmansk150.org\/non-acquis\/wp\/?page_id=403\" class=\"more-link\">Continuer la lecture <span class=\"meta-nav\">&rarr;<\/span><\/a><\/p>\n","protected":false},"author":1,"featured_media":0,"parent":10,"menu_order":98,"comment_status":"open","ping_status":"closed","template":"","meta":{"footnotes":""},"class_list":["post-403","page","type-page","status-publish","hentry"],"_links":{"self":[{"href":"http:\/\/mourmansk150.org\/non-acquis\/wp\/index.php?rest_route=\/wp\/v2\/pages\/403","targetHints":{"allow":["GET"]}}],"collection":[{"href":"http:\/\/mourmansk150.org\/non-acquis\/wp\/index.php?rest_route=\/wp\/v2\/pages"}],"about":[{"href":"http:\/\/mourmansk150.org\/non-acquis\/wp\/index.php?rest_route=\/wp\/v2\/types\/page"}],"author":[{"embeddable":true,"href":"http:\/\/mourmansk150.org\/non-acquis\/wp\/index.php?rest_route=\/wp\/v2\/users\/1"}],"replies":[{"embeddable":true,"href":"http:\/\/mourmansk150.org\/non-acquis\/wp\/index.php?rest_route=%2Fwp%2Fv2%2Fcomments&post=403"}],"version-history":[{"count":6,"href":"http:\/\/mourmansk150.org\/non-acquis\/wp\/index.php?rest_route=\/wp\/v2\/pages\/403\/revisions"}],"predecessor-version":[{"id":462,"href":"http:\/\/mourmansk150.org\/non-acquis\/wp\/index.php?rest_route=\/wp\/v2\/pages\/403\/revisions\/462"}],"up":[{"embeddable":true,"href":"http:\/\/mourmansk150.org\/non-acquis\/wp\/index.php?rest_route=\/wp\/v2\/pages\/10"}],"wp:attachment":[{"href":"http:\/\/mourmansk150.org\/non-acquis\/wp\/index.php?rest_route=%2Fwp%2Fv2%2Fmedia&parent=403"}],"curies":[{"name":"wp","href":"https:\/\/api.w.org\/{rel}","templated":true}]}}