{"id":393,"date":"2015-01-06T17:07:53","date_gmt":"2015-01-06T16:07:53","guid":{"rendered":"http:\/\/mourmansk150.org\/non-acquis\/wp\/?page_id=393"},"modified":"2015-02-07T12:21:03","modified_gmt":"2015-02-07T11:21:03","slug":"28-fevrier-debat-video-conf-concert","status":"publish","type":"page","link":"http:\/\/mourmansk150.org\/non-acquis\/wp\/?page_id=393","title":{"rendered":"Le Coin aux Etoiles, MONS (BE), 2015 02 28"},"content":{"rendered":"<p>Au <a href=\"https:\/\/www.facebook.com\/LeCoinAuxEtoiles\" target=\"_blank\">Coin aux \u00e9toiles<\/a> \u00e0 MONS (BE)<br \/>\nSoir\u00e9e DEBAT \/ CONF avec les membres de <strong>Non Acquis<\/strong> et <strong>David Joly<\/strong> (<a href=\"http:\/\/www.anticorrida.com\/\" target=\"_blank\">CRAC<\/a> \/ <a href=\"http:\/\/www.anticorrida.com\/\" target=\"_blank\">CVN<\/a>) sur le th\u00e8me de la D\u00e9fense Animale sous l&rsquo;intitul\u00e9 \u00ab\u00a0<strong>Pourquoi lutter pour la cause animale. Rencontre avec un militant.<\/strong>\u00a0\u00bb<br \/>\nAu programme : D\u00e9bat \/ Vid\u00e9o Conf\u00e9rence<br \/>\npuis concert NON ACQUIS et Les Nenfants Perdus (<a href=\"https:\/\/www.facebook.com\/Nenfansperdus\" target=\"_blank\">FACEBOOK<\/a> \/\/ <a href=\"http:\/\/www.reverbnation.com\/lesnenfantsperdus2\" target=\"_blank\">REVERBNATION<\/a>) et des Descendants.<\/p>\n<p>Voici plus ou moins le planning pr\u00e9vu<\/p>\n<p>&#8211; 19h30 pour la conf\u00e9rence<br \/>\n&#8211; 20h30 pour la LNP<br \/>\n&#8211; 21h30 pour Les Descendants<br \/>\n&#8211; 22h30 pour Les Non acquis <\/p>\n<p><a href=\"http:\/\/mourmansk150.org\/non-acquis\/wp\/wp-content\/uploads\/2015\/01\/28fev-bis.jpg\"><img loading=\"lazy\" decoding=\"async\" src=\"http:\/\/mourmansk150.org\/non-acquis\/wp\/wp-content\/uploads\/2015\/01\/28fev-bis-300x212.jpg\" alt=\"28fev-bis\" width=\"300\" height=\"212\" class=\"alignnone size-medium wp-image-415\" srcset=\"http:\/\/mourmansk150.org\/non-acquis\/wp\/wp-content\/uploads\/2015\/01\/28fev-bis-300x212.jpg 300w, http:\/\/mourmansk150.org\/non-acquis\/wp\/wp-content\/uploads\/2015\/01\/28fev-bis-425x300.jpg 425w, http:\/\/mourmansk150.org\/non-acquis\/wp\/wp-content\/uploads\/2015\/01\/28fev-bis.jpg 960w\" sizes=\"auto, (max-width: 300px) 100vw, 300px\" \/><\/a><\/p>\n","protected":false},"excerpt":{"rendered":"<p>Au Coin aux \u00e9toiles \u00e0 MONS (BE) Soir\u00e9e DEBAT \/ CONF avec les membres de Non Acquis et David Joly (CRAC \/ CVN) sur le th\u00e8me de la D\u00e9fense Animale sous l&rsquo;intitul\u00e9 \u00ab\u00a0Pourquoi lutter pour la cause animale. Rencontre avec&hellip; <a href=\"http:\/\/mourmansk150.org\/non-acquis\/wp\/?page_id=393\" class=\"more-link\">Continuer la lecture <span class=\"meta-nav\">&rarr;<\/span><\/a><\/p>\n","protected":false},"author":1,"featured_media":0,"parent":10,"menu_order":99,"comment_status":"open","ping_status":"closed","template":"","meta":{"footnotes":""},"class_list":["post-393","page","type-page","status-publish","hentry"],"_links":{"self":[{"href":"http:\/\/mourmansk150.org\/non-acquis\/wp\/index.php?rest_route=\/wp\/v2\/pages\/393","targetHints":{"allow":["GET"]}}],"collection":[{"href":"http:\/\/mourmansk150.org\/non-acquis\/wp\/index.php?rest_route=\/wp\/v2\/pages"}],"about":[{"href":"http:\/\/mourmansk150.org\/non-acquis\/wp\/index.php?rest_route=\/wp\/v2\/types\/page"}],"author":[{"embeddable":true,"href":"http:\/\/mourmansk150.org\/non-acquis\/wp\/index.php?rest_route=\/wp\/v2\/users\/1"}],"replies":[{"embeddable":true,"href":"http:\/\/mourmansk150.org\/non-acquis\/wp\/index.php?rest_route=%2Fwp%2Fv2%2Fcomments&post=393"}],"version-history":[{"count":8,"href":"http:\/\/mourmansk150.org\/non-acquis\/wp\/index.php?rest_route=\/wp\/v2\/pages\/393\/revisions"}],"predecessor-version":[{"id":416,"href":"http:\/\/mourmansk150.org\/non-acquis\/wp\/index.php?rest_route=\/wp\/v2\/pages\/393\/revisions\/416"}],"up":[{"embeddable":true,"href":"http:\/\/mourmansk150.org\/non-acquis\/wp\/index.php?rest_route=\/wp\/v2\/pages\/10"}],"wp:attachment":[{"href":"http:\/\/mourmansk150.org\/non-acquis\/wp\/index.php?rest_route=%2Fwp%2Fv2%2Fmedia&parent=393"}],"curies":[{"name":"wp","href":"https:\/\/api.w.org\/{rel}","templated":true}]}}