{"id":367,"date":"2014-12-14T16:35:40","date_gmt":"2014-12-14T15:35:40","guid":{"rendered":"http:\/\/mourmansk150.org\/non-acquis\/wp\/?page_id=367"},"modified":"2014-12-14T16:35:40","modified_gmt":"2014-12-14T15:35:40","slug":"ecologie-radicale","status":"publish","type":"page","link":"http:\/\/mourmansk150.org\/non-acquis\/wp\/?page_id=367","title":{"rendered":"Ecologie radicale"},"content":{"rendered":"<p>Taureaux massacr\u00e9s &#8212; &#8212; Des centaines par ann\u00e9e<br \/>\nLabos meurtriers   &#8212; &#8212; 2,5 millions<br \/>\nAnimaux chass\u00e9s    &#8212; &#8212; plus de 30 millions<br \/>\nAbattoirs fran\u00e7ais &#8212; &#8212; Le milliard est d\u00e9pass\u00e9\u00a0!<\/p>\n<p>Pour une \u00e9cologie radicale<br \/>\nABOLITION<br \/>\nPour l&rsquo;respect d&rsquo;la cause animale<br \/>\nABOLITION<br \/>\nG\u00e9nocide animal<br \/>\nABOLITION<\/p>\n","protected":false},"excerpt":{"rendered":"<p>Taureaux massacr\u00e9s &#8212; &#8212; Des centaines par ann\u00e9e Labos meurtriers &#8212; &#8212; 2,5 millions Animaux chass\u00e9s &#8212; &#8212; plus de 30 millions Abattoirs fran\u00e7ais &#8212; &#8212; Le milliard est d\u00e9pass\u00e9\u00a0! Pour une \u00e9cologie radicale ABOLITION Pour l&rsquo;respect d&rsquo;la cause animale&hellip; <a href=\"http:\/\/mourmansk150.org\/non-acquis\/wp\/?page_id=367\" class=\"more-link\">Continuer la lecture <span class=\"meta-nav\">&rarr;<\/span><\/a><\/p>\n","protected":false},"author":1,"featured_media":0,"parent":6,"menu_order":0,"comment_status":"open","ping_status":"open","template":"","meta":{"footnotes":""},"class_list":["post-367","page","type-page","status-publish","hentry"],"_links":{"self":[{"href":"http:\/\/mourmansk150.org\/non-acquis\/wp\/index.php?rest_route=\/wp\/v2\/pages\/367","targetHints":{"allow":["GET"]}}],"collection":[{"href":"http:\/\/mourmansk150.org\/non-acquis\/wp\/index.php?rest_route=\/wp\/v2\/pages"}],"about":[{"href":"http:\/\/mourmansk150.org\/non-acquis\/wp\/index.php?rest_route=\/wp\/v2\/types\/page"}],"author":[{"embeddable":true,"href":"http:\/\/mourmansk150.org\/non-acquis\/wp\/index.php?rest_route=\/wp\/v2\/users\/1"}],"replies":[{"embeddable":true,"href":"http:\/\/mourmansk150.org\/non-acquis\/wp\/index.php?rest_route=%2Fwp%2Fv2%2Fcomments&post=367"}],"version-history":[{"count":1,"href":"http:\/\/mourmansk150.org\/non-acquis\/wp\/index.php?rest_route=\/wp\/v2\/pages\/367\/revisions"}],"predecessor-version":[{"id":368,"href":"http:\/\/mourmansk150.org\/non-acquis\/wp\/index.php?rest_route=\/wp\/v2\/pages\/367\/revisions\/368"}],"up":[{"embeddable":true,"href":"http:\/\/mourmansk150.org\/non-acquis\/wp\/index.php?rest_route=\/wp\/v2\/pages\/6"}],"wp:attachment":[{"href":"http:\/\/mourmansk150.org\/non-acquis\/wp\/index.php?rest_route=%2Fwp%2Fv2%2Fmedia&parent=367"}],"curies":[{"name":"wp","href":"https:\/\/api.w.org\/{rel}","templated":true}]}}