{"id":350,"date":"2014-10-25T08:42:19","date_gmt":"2014-10-25T07:42:19","guid":{"rendered":"http:\/\/mourmansk150.org\/non-acquis\/wp\/?page_id=350"},"modified":"2014-10-25T08:42:44","modified_gmt":"2014-10-25T07:42:44","slug":"notre-oikos","status":"publish","type":"page","link":"http:\/\/mourmansk150.org\/non-acquis\/wp\/?page_id=350","title":{"rendered":"Notre O\u00efkos"},"content":{"rendered":"<p>1: Alignement de docs sur un trottoir mouill\u00e9<br \/>\nNotre o\u00efkos sort \u00e0 la nuit tomb\u00e9e<br \/>\nTous unis et les coudes serr\u00e9s<br \/>\nCe soir on se bat pour nous id\u00e9es<\/p>\n<p>2: Jamais on ne fl\u00e9chira<br \/>\nJamais on ne pliera<br \/>\nLa t\u00eate haute et la cr\u00eate dress\u00e9e<br \/>\nMarginal en toute fiert\u00e9<br \/>\nMarginal en toute beaut\u00e9<\/p>\n<p>3: Libert\u00e9 \u00e9galit\u00e9 fraternit\u00e9<br \/>\nDes principes de nos jours d\u00e9suets<br \/>\nUnis par le sang unis par les id\u00e9es<br \/>\nCe soir sortons en toute dignit\u00e9<\/p>\n<p>4: Car jamais on ne s&rsquo;\u00e9crasera<br \/>\nCar jamais on ne s&rsquo;inclinera<br \/>\nJamais on ne se r\u00e9signera<br \/>\nJamais personne ne nous arr\u00eatera<\/p>\n","protected":false},"excerpt":{"rendered":"<p>1: Alignement de docs sur un trottoir mouill\u00e9 Notre o\u00efkos sort \u00e0 la nuit tomb\u00e9e Tous unis et les coudes serr\u00e9s Ce soir on se bat pour nous id\u00e9es 2: Jamais on ne fl\u00e9chira Jamais on ne pliera La t\u00eate&hellip; <a href=\"http:\/\/mourmansk150.org\/non-acquis\/wp\/?page_id=350\" class=\"more-link\">Continuer la lecture <span class=\"meta-nav\">&rarr;<\/span><\/a><\/p>\n","protected":false},"author":1,"featured_media":0,"parent":6,"menu_order":0,"comment_status":"open","ping_status":"open","template":"","meta":{"footnotes":""},"class_list":["post-350","page","type-page","status-publish","hentry"],"_links":{"self":[{"href":"http:\/\/mourmansk150.org\/non-acquis\/wp\/index.php?rest_route=\/wp\/v2\/pages\/350","targetHints":{"allow":["GET"]}}],"collection":[{"href":"http:\/\/mourmansk150.org\/non-acquis\/wp\/index.php?rest_route=\/wp\/v2\/pages"}],"about":[{"href":"http:\/\/mourmansk150.org\/non-acquis\/wp\/index.php?rest_route=\/wp\/v2\/types\/page"}],"author":[{"embeddable":true,"href":"http:\/\/mourmansk150.org\/non-acquis\/wp\/index.php?rest_route=\/wp\/v2\/users\/1"}],"replies":[{"embeddable":true,"href":"http:\/\/mourmansk150.org\/non-acquis\/wp\/index.php?rest_route=%2Fwp%2Fv2%2Fcomments&post=350"}],"version-history":[{"count":2,"href":"http:\/\/mourmansk150.org\/non-acquis\/wp\/index.php?rest_route=\/wp\/v2\/pages\/350\/revisions"}],"predecessor-version":[{"id":352,"href":"http:\/\/mourmansk150.org\/non-acquis\/wp\/index.php?rest_route=\/wp\/v2\/pages\/350\/revisions\/352"}],"up":[{"embeddable":true,"href":"http:\/\/mourmansk150.org\/non-acquis\/wp\/index.php?rest_route=\/wp\/v2\/pages\/6"}],"wp:attachment":[{"href":"http:\/\/mourmansk150.org\/non-acquis\/wp\/index.php?rest_route=%2Fwp%2Fv2%2Fmedia&parent=350"}],"curies":[{"name":"wp","href":"https:\/\/api.w.org\/{rel}","templated":true}]}}