{"id":313,"date":"2014-09-21T14:59:41","date_gmt":"2014-09-21T13:59:41","guid":{"rendered":"http:\/\/mourmansk150.org\/non-acquis\/wp\/?page_id=313"},"modified":"2014-09-21T15:00:55","modified_gmt":"2014-09-21T14:00:55","slug":"soiree-de-soutien-au-crac-20140920","status":"publish","type":"page","link":"http:\/\/mourmansk150.org\/non-acquis\/wp\/?page_id=313","title":{"rendered":"Soir\u00e9e de soutien au CRAC, 2014\/09\/20"},"content":{"rendered":"<p>Photos prises au Cactus Bar. Soir\u00e9e de soutien au <a href=\"http:\/\/www.anticorrida.com\/\">CRAC<\/a>. Avec TOTAL \u2018ZHEIMER (rock), L\u2019INSOUMIS (Punk Rock), NON ACQUIS (Anarcho punk) + D\u00e9bat conf\u00e9rence sur la CORRIDA par le d\u00e9l\u00e9gu\u00e9 d\u00e9partemental du CRAC.<\/p>\n<p>Version plein &eacute;cran : <a href=\"http:\/\/mourmansk150.org\/non-acquis\/img\/NA-20140920\/index.html\" target=\"_blank\">cliquez ici<\/a>.<\/p>\n<p><iframe loading=\"lazy\" src=\"http:\/\/mourmansk150.org\/non-acquis\/img\/NA-20140920\/index.html\" name=\"Album photo\" width=\"600\" height=\"475\" frameborder=\"yes\" scrolling=\"auto\"><\/iframe><\/p>\n<p><strong>Tr\u00e8s bonne soir\u00e9e. Tr\u00e8s \u00e9ducative avec la projection de David Joly<\/strong><\/p>\n","protected":false},"excerpt":{"rendered":"<p>Photos prises au Cactus Bar. Soir\u00e9e de soutien au CRAC. Avec TOTAL \u2018ZHEIMER (rock), L\u2019INSOUMIS (Punk Rock), NON ACQUIS (Anarcho punk) + D\u00e9bat conf\u00e9rence sur la CORRIDA par le d\u00e9l\u00e9gu\u00e9 d\u00e9partemental du CRAC. Version plein &eacute;cran : cliquez ici. Tr\u00e8s&hellip; <a href=\"http:\/\/mourmansk150.org\/non-acquis\/wp\/?page_id=313\" class=\"more-link\">Continuer la lecture <span class=\"meta-nav\">&rarr;<\/span><\/a><\/p>\n","protected":false},"author":1,"featured_media":0,"parent":14,"menu_order":0,"comment_status":"open","ping_status":"open","template":"","meta":{"footnotes":""},"class_list":["post-313","page","type-page","status-publish","hentry"],"_links":{"self":[{"href":"http:\/\/mourmansk150.org\/non-acquis\/wp\/index.php?rest_route=\/wp\/v2\/pages\/313","targetHints":{"allow":["GET"]}}],"collection":[{"href":"http:\/\/mourmansk150.org\/non-acquis\/wp\/index.php?rest_route=\/wp\/v2\/pages"}],"about":[{"href":"http:\/\/mourmansk150.org\/non-acquis\/wp\/index.php?rest_route=\/wp\/v2\/types\/page"}],"author":[{"embeddable":true,"href":"http:\/\/mourmansk150.org\/non-acquis\/wp\/index.php?rest_route=\/wp\/v2\/users\/1"}],"replies":[{"embeddable":true,"href":"http:\/\/mourmansk150.org\/non-acquis\/wp\/index.php?rest_route=%2Fwp%2Fv2%2Fcomments&post=313"}],"version-history":[{"count":2,"href":"http:\/\/mourmansk150.org\/non-acquis\/wp\/index.php?rest_route=\/wp\/v2\/pages\/313\/revisions"}],"predecessor-version":[{"id":315,"href":"http:\/\/mourmansk150.org\/non-acquis\/wp\/index.php?rest_route=\/wp\/v2\/pages\/313\/revisions\/315"}],"up":[{"embeddable":true,"href":"http:\/\/mourmansk150.org\/non-acquis\/wp\/index.php?rest_route=\/wp\/v2\/pages\/14"}],"wp:attachment":[{"href":"http:\/\/mourmansk150.org\/non-acquis\/wp\/index.php?rest_route=%2Fwp%2Fv2%2Fmedia&parent=313"}],"curies":[{"name":"wp","href":"https:\/\/api.w.org\/{rel}","templated":true}]}}