{"id":277,"date":"2014-07-13T14:10:41","date_gmt":"2014-07-13T13:10:41","guid":{"rendered":"http:\/\/mourmansk150.org\/non-acquis\/wp\/?page_id=277"},"modified":"2014-07-13T14:10:41","modified_gmt":"2014-07-13T13:10:41","slug":"2014-06-14-fete-de-la-zik","status":"publish","type":"page","link":"http:\/\/mourmansk150.org\/non-acquis\/wp\/?page_id=277","title":{"rendered":"2014 06 14 F\u00eate de la ZIK"},"content":{"rendered":"<p>Intro NON ACQUIS<br \/>\n<iframe loading=\"lazy\" width=\"420\" height=\"315\" src=\"\/\/www.youtube.com\/embed\/zJ2eMF5b9cs\" frameborder=\"0\" allowfullscreen><\/iframe><\/p>\n<p>Ce soir<br \/>\n<iframe loading=\"lazy\" width=\"420\" height=\"315\" src=\"\/\/www.youtube.com\/embed\/7x9uJ-Sze60\" frameborder=\"0\" allowfullscreen><\/iframe><\/p>\n<p>Tin\u00f9viel<br \/>\n<iframe loading=\"lazy\" width=\"420\" height=\"315\" src=\"\/\/www.youtube.com\/embed\/FtT3a0RhsGI\" frameborder=\"0\" allowfullscreen><\/iframe><\/p>\n<p>La Bavure (G\u00e9n\u00e9ration Perdue)<br \/>\n<iframe loading=\"lazy\" width=\"420\" height=\"315\" src=\"\/\/www.youtube.com\/embed\/rrfZNFUqg9s\" frameborder=\"0\" allowfullscreen><\/iframe><\/p>\n<p>A tous les \u00e9tages<br \/>\n<iframe loading=\"lazy\" width=\"420\" height=\"315\" src=\"\/\/www.youtube.com\/embed\/Gk-K-928EQg\" frameborder=\"0\" allowfullscreen><\/iframe><\/p>\n<p>La Rue des Bons Enfants<br \/>\n<iframe loading=\"lazy\" width=\"420\" height=\"315\" src=\"\/\/www.youtube.com\/embed\/8iUVaSPZ_OQ\" frameborder=\"0\" allowfullscreen><\/iframe><\/p>\n<p>Les filles de joie<br \/>\n<iframe loading=\"lazy\" width=\"420\" height=\"315\" src=\"\/\/www.youtube.com\/embed\/p30tGPL41SA\" frameborder=\"0\" allowfullscreen><\/iframe><\/p>\n","protected":false},"excerpt":{"rendered":"<p>Intro NON ACQUIS Ce soir Tin\u00f9viel La Bavure (G\u00e9n\u00e9ration Perdue) A tous les \u00e9tages La Rue des Bons Enfants Les filles de joie<\/p>\n","protected":false},"author":1,"featured_media":0,"parent":12,"menu_order":0,"comment_status":"open","ping_status":"open","template":"","meta":{"footnotes":""},"class_list":["post-277","page","type-page","status-publish","hentry"],"_links":{"self":[{"href":"http:\/\/mourmansk150.org\/non-acquis\/wp\/index.php?rest_route=\/wp\/v2\/pages\/277","targetHints":{"allow":["GET"]}}],"collection":[{"href":"http:\/\/mourmansk150.org\/non-acquis\/wp\/index.php?rest_route=\/wp\/v2\/pages"}],"about":[{"href":"http:\/\/mourmansk150.org\/non-acquis\/wp\/index.php?rest_route=\/wp\/v2\/types\/page"}],"author":[{"embeddable":true,"href":"http:\/\/mourmansk150.org\/non-acquis\/wp\/index.php?rest_route=\/wp\/v2\/users\/1"}],"replies":[{"embeddable":true,"href":"http:\/\/mourmansk150.org\/non-acquis\/wp\/index.php?rest_route=%2Fwp%2Fv2%2Fcomments&post=277"}],"version-history":[{"count":1,"href":"http:\/\/mourmansk150.org\/non-acquis\/wp\/index.php?rest_route=\/wp\/v2\/pages\/277\/revisions"}],"predecessor-version":[{"id":278,"href":"http:\/\/mourmansk150.org\/non-acquis\/wp\/index.php?rest_route=\/wp\/v2\/pages\/277\/revisions\/278"}],"up":[{"embeddable":true,"href":"http:\/\/mourmansk150.org\/non-acquis\/wp\/index.php?rest_route=\/wp\/v2\/pages\/12"}],"wp:attachment":[{"href":"http:\/\/mourmansk150.org\/non-acquis\/wp\/index.php?rest_route=%2Fwp%2Fv2%2Fmedia&parent=277"}],"curies":[{"name":"wp","href":"https:\/\/api.w.org\/{rel}","templated":true}]}}