{"id":261,"date":"2014-07-08T18:19:44","date_gmt":"2014-07-08T17:19:44","guid":{"rendered":"http:\/\/mourmansk150.org\/non-acquis\/wp\/?page_id=261"},"modified":"2015-02-18T18:17:18","modified_gmt":"2015-02-18T17:17:18","slug":"crac","status":"publish","type":"page","link":"http:\/\/mourmansk150.org\/non-acquis\/wp\/?page_id=261","title":{"rendered":"CRAC"},"content":{"rendered":"<p>Ce matin parmi 100<br \/>\nJ&rsquo;ai \u00e9t\u00e9 s\u00e9lectionn\u00e9<br \/>\nLes autres dont le sang<br \/>\nInonde l&rsquo;\u00e9tal des bouchers<\/p>\n<p>Pour un combat d&rsquo;\u00e9gal \u00e0 \u00e9gal<br \/>\nMes cornes ont \u00e9t\u00e9 lim\u00e9es<br \/>\nLes nerfs \u00e0 vif j&rsquo;ai hurl\u00e9<br \/>\nPlus moyen de m&rsquo;rep\u00e9rer<\/p>\n<p>Dans un caisson enferm\u00e9<br \/>\nA coup de batte m&rsquo;ont frapp\u00e9<br \/>\nSacs de sable projet\u00e9s<br \/>\nLes reins, ils m&rsquo;ont bris\u00e9<\/p>\n<p>Sans boire ni manger<br \/>\nDans l&rsquo;ar\u00e8ne, j&rsquo;suis d\u00e9barqu\u00e9<br \/>\nLa boucherie va commencer<br \/>\nPlaisir de me torturer<\/p>\n<p>D&rsquo;la torture \u00e0 l&rsquo;\u00e9tat pur<br \/>\nLe combat est truqu\u00e9<br \/>\nIls s&rsquo;prennent pour des gros durs<br \/>\nMais aucune chance ne m&rsquo;est laiss\u00e9e<\/p>\n<p>Supplice de la pique<br \/>\nMon calvaire n&rsquo;est pas termin\u00e9<br \/>\nTercio de banderilles<br \/>\nHarpons dans l&rsquo;dos plant\u00e9s<\/p>\n<p>Ar\u00e8ne inond\u00e9e de sang<br \/>\nImpossible de respirer<br \/>\nLe matador s&rsquo;est point\u00e9<br \/>\nLes poumons m&rsquo;a transperc\u00e9<\/p>\n<p>Les 3 tercios jou\u00e9s<br \/>\nCes encul\u00e9s m&rsquo;ont achev\u00e9s<br \/>\nQueue et oreilles coup\u00e9es<br \/>\nLe reste chez l&rsquo;boucher <\/p>\n<p>TOUT \u00c9TAIT JOU\u00c9 D&rsquo;AVANCE<br \/>\nJE N&rsquo;AVAIS AUCUNE CHANCE<br \/>\nTOUT \u00c9TAIT PLANIFI\u00c9<br \/>\nBARBARIE L\u00c9GALIS\u00c9E<\/p>\n<p>TOUT \u00c9TAIT JOU\u00c9 D&rsquo;AVANCE<br \/>\nJE N&rsquo;AVAIS AUCUNE CHANCE<br \/>\nTOUT \u00c9TAIT PLANIFI\u00c9<br \/>\nBARBARIE L\u00c9GALIS\u00c9E<\/p>\n<p>TOUT \u00c9TAIT JOU\u00c9 D&rsquo;AVANCE<br \/>\nJE N&rsquo;AVAIS AUCUNE CHANCE<br \/>\nTOUT \u00c9TAIT PLANIFI\u00c9<br \/>\nBARBARIE L\u00c9GALIS\u00c9E<\/p>\n<p>TOUT \u00c9TAIT JOU\u00c9 D&rsquo;AVANCE<br \/>\nJE N&rsquo;AVAIS AUCUNE CHANCE<br \/>\nTOUT \u00c9TAIT PLANIFI\u00c9<br \/>\nBARBARIE L\u00c9GALIS\u00c9E<\/p>\n<p>Plus d&rsquo;public pour cette boucherie<br \/>\n5% d&rsquo;ar\u00e8ne remplie<br \/>\nSoutien des politiques<br \/>\nEt subventions publiques<\/p>\n<p>Spectacles en d\u00e9ficit<br \/>\nPersonne pour la tauromachie<br \/>\nDe nombreux politiques<br \/>\nDont Valls et Sarkozy <\/p>\n<p>Soutiennent cette barbarie<br \/>\nEt diff\u00e8rent les proc\u00e8s<br \/>\nMais d\u00e9p\u00eachent des CRS<br \/>\nEt l\u00e9gitiment ces SS<\/p>\n<p>Manifestants r\u00e9primand\u00e9s<br \/>\nLynch\u00e9s, menac\u00e9s, gaz\u00e9s<br \/>\nMais leur cause perdure<br \/>\nEt finira par gagner <\/p>\n<p>Tous derri\u00e8re le CRAC<br \/>\nTous avec l&rsquo;ALF<br \/>\nTous derri\u00e8re le CRAC<br \/>\nTous avec l&rsquo;ALF<\/p>\n<p>TOUT \u00c9TAIT JOU\u00c9 D&rsquo;AVANCE<br \/>\nJE N&rsquo;AVAIS AUCUNE CHANCE<br \/>\nTOUT \u00c9TAIT PLANIFI\u00c9<br \/>\nBARBARIE L\u00c9GALIS\u00c9E<\/p>\n<p>TOUT \u00c9TAIT JOU\u00c9 D&rsquo;AVANCE<br \/>\nJE N&rsquo;AVAIS AUCUNE CHANCE<br \/>\nTOUT \u00c9TAIT PLANIFI\u00c9<br \/>\nBARBARIE L\u00c9GALIS\u00c9E<\/p>\n<p>TOUT \u00c9TAIT JOU\u00c9 D&rsquo;AVANCE<br \/>\nJE N&rsquo;AVAIS AUCUNE CHANCE<br \/>\nTOUT \u00c9TAIT PLANIFI\u00c9<br \/>\nBARBARIE L\u00c9GALIS\u00c9E<\/p>\n<p><a href=\"http:\/\/www.anticorrida.com\"><img loading=\"lazy\" decoding=\"async\" src=\"http:\/\/www.anticorrida.com\/squelettes\/images\/logo_crac_europe.jpg\" width=\"632\" height=\"104\" class=\"alignleft\" \/><\/a><\/p>\n","protected":false},"excerpt":{"rendered":"<p>Ce matin parmi 100 J&rsquo;ai \u00e9t\u00e9 s\u00e9lectionn\u00e9 Les autres dont le sang Inonde l&rsquo;\u00e9tal des bouchers Pour un combat d&rsquo;\u00e9gal \u00e0 \u00e9gal Mes cornes ont \u00e9t\u00e9 lim\u00e9es Les nerfs \u00e0 vif j&rsquo;ai hurl\u00e9 Plus moyen de m&rsquo;rep\u00e9rer Dans un caisson&hellip; <a href=\"http:\/\/mourmansk150.org\/non-acquis\/wp\/?page_id=261\" class=\"more-link\">Continuer la lecture <span class=\"meta-nav\">&rarr;<\/span><\/a><\/p>\n","protected":false},"author":1,"featured_media":0,"parent":6,"menu_order":0,"comment_status":"open","ping_status":"open","template":"","meta":{"footnotes":""},"class_list":["post-261","page","type-page","status-publish","hentry"],"_links":{"self":[{"href":"http:\/\/mourmansk150.org\/non-acquis\/wp\/index.php?rest_route=\/wp\/v2\/pages\/261","targetHints":{"allow":["GET"]}}],"collection":[{"href":"http:\/\/mourmansk150.org\/non-acquis\/wp\/index.php?rest_route=\/wp\/v2\/pages"}],"about":[{"href":"http:\/\/mourmansk150.org\/non-acquis\/wp\/index.php?rest_route=\/wp\/v2\/types\/page"}],"author":[{"embeddable":true,"href":"http:\/\/mourmansk150.org\/non-acquis\/wp\/index.php?rest_route=\/wp\/v2\/users\/1"}],"replies":[{"embeddable":true,"href":"http:\/\/mourmansk150.org\/non-acquis\/wp\/index.php?rest_route=%2Fwp%2Fv2%2Fcomments&post=261"}],"version-history":[{"count":6,"href":"http:\/\/mourmansk150.org\/non-acquis\/wp\/index.php?rest_route=\/wp\/v2\/pages\/261\/revisions"}],"predecessor-version":[{"id":422,"href":"http:\/\/mourmansk150.org\/non-acquis\/wp\/index.php?rest_route=\/wp\/v2\/pages\/261\/revisions\/422"}],"up":[{"embeddable":true,"href":"http:\/\/mourmansk150.org\/non-acquis\/wp\/index.php?rest_route=\/wp\/v2\/pages\/6"}],"wp:attachment":[{"href":"http:\/\/mourmansk150.org\/non-acquis\/wp\/index.php?rest_route=%2Fwp%2Fv2%2Fmedia&parent=261"}],"curies":[{"name":"wp","href":"https:\/\/api.w.org\/{rel}","templated":true}]}}