{"id":201,"date":"2014-04-26T17:30:07","date_gmt":"2014-04-26T16:30:07","guid":{"rendered":"http:\/\/mourmansk150.org\/non-acquis\/wp\/?page_id=201"},"modified":"2014-04-26T17:34:22","modified_gmt":"2014-04-26T16:34:22","slug":"le-punk-des-biot","status":"publish","type":"page","link":"http:\/\/mourmansk150.org\/non-acquis\/wp\/?page_id=201","title":{"rendered":"Le punk des biot"},"content":{"rendered":"<p>Ref:<br \/>\nC&rsquo;est l&rsquo;punk des Biot<br \/>\nOn en a vraiment plein l&rsquo;dos<br \/>\nC&rsquo;est l&rsquo;punk des Biot<br \/>\nChangement et renouveau<br \/>\nC&rsquo;est l&rsquo;punk des Biot<br \/>\nOn en a vraiment assez<br \/>\nC&rsquo;est l&rsquo;punk des Biot<br \/>\nRas le bol d&rsquo;\u00eatre exploit\u00e9s !<\/p>\n<p>Couplet 1<br \/>\nLes Biot sont r\u00e9volt\u00e9s,<br \/>\nLes Biot vont s&rsquo;insurg\u00e9s,<br \/>\nPlus de chefs, plus de ma\u00eetres<br \/>\nLes cartes redistribu\u00e9es,<br \/>\nLes chefs sont tomb\u00e9s,<br \/>\nLes usines r\u00e9quisitionn\u00e9es,<br \/>\nLes ouvriers lib\u00e9r\u00e9s,<br \/>\nLes casernes d\u00e9sert\u00e9es.<\/p>\n<p>Au refrain<\/p>\n<p>Couplet 2<br \/>\nLes \u00e9glises ont \u00e9t\u00e9 vid\u00e9es,<br \/>\nEt vos Dieux liquid\u00e9s,<br \/>\nVos r\u00e8gles boulevers\u00e9es,<br \/>\nEt vos lois prohib\u00e9es,<br \/>\nLes \u00e9levages revisit\u00e9s,<br \/>\nAnimaux lib\u00e9r\u00e9s,<br \/>\nVivisecteurs trucid\u00e9s,<br \/>\nAnimaux respect\u00e9s.<\/p>\n<p>Au refrain<\/p>\n<p>Couplet 3<br \/>\nChacun fait c&rsquo;qui lui pla\u00eet<br \/>\nEn toute l\u00e9galit\u00e9,<br \/>\n\u00c9galit\u00e9, libert\u00e9,<br \/>\nFraternit\u00e9, unit\u00e9<br \/>\nPlus d&rsquo;contraintes,<br \/>\nPlus d&rsquo;p\u00e9ch\u00e9s,<br \/>\nA chacun de d\u00e9cider,<br \/>\nDe sa vie, de son chemin,<br \/>\nEt des conduites \u00e0 mener<\/p>\n<p>Break (X3)<br \/>\nLes Biot sont au pouvoir<br \/>\nEt la f\u00eate va commencer<br \/>\nLa bi\u00e8re \u00e0 flots couler<br \/>\nEt les filles se d\u00e9nuder<\/p>\n<p>Mais les Biot sont morts ce soir,<br \/>\nEt la f\u00eate est termin\u00e9e,<br \/>\nLes beds sont consum\u00e9s<br \/>\nR\u00e9alit\u00e9 retrouv\u00e9e !!!!<\/p>\n<p>C&rsquo;\u00e9tait l&rsquo;punk des Biot<br \/>\nMais cette fois c&rsquo;est termin\u00e9<br \/>\nC&rsquo;\u00e9tait l&rsquo;punk des Biot<br \/>\nOn s&rsquo;est bien fait rembarqu\u00e9s<br \/>\nC&rsquo;\u00e9tait l&rsquo;punk des Biot<br \/>\nR\u00e9alit\u00e9 retrouv\u00e9e<br \/>\nC&rsquo;\u00e9tait l&rsquo;punk des Biot<br \/>\nOn s&rsquo;est bien fait remball\u00e9s !<\/p>\n","protected":false},"excerpt":{"rendered":"<p>Ref: C&rsquo;est l&rsquo;punk des Biot On en a vraiment plein l&rsquo;dos C&rsquo;est l&rsquo;punk des Biot Changement et renouveau C&rsquo;est l&rsquo;punk des Biot On en a vraiment assez C&rsquo;est l&rsquo;punk des Biot Ras le bol d&rsquo;\u00eatre exploit\u00e9s ! Couplet 1 Les&hellip; <a href=\"http:\/\/mourmansk150.org\/non-acquis\/wp\/?page_id=201\" class=\"more-link\">Continuer la lecture <span class=\"meta-nav\">&rarr;<\/span><\/a><\/p>\n","protected":false},"author":1,"featured_media":0,"parent":6,"menu_order":0,"comment_status":"open","ping_status":"open","template":"","meta":{"footnotes":""},"class_list":["post-201","page","type-page","status-publish","hentry"],"_links":{"self":[{"href":"http:\/\/mourmansk150.org\/non-acquis\/wp\/index.php?rest_route=\/wp\/v2\/pages\/201","targetHints":{"allow":["GET"]}}],"collection":[{"href":"http:\/\/mourmansk150.org\/non-acquis\/wp\/index.php?rest_route=\/wp\/v2\/pages"}],"about":[{"href":"http:\/\/mourmansk150.org\/non-acquis\/wp\/index.php?rest_route=\/wp\/v2\/types\/page"}],"author":[{"embeddable":true,"href":"http:\/\/mourmansk150.org\/non-acquis\/wp\/index.php?rest_route=\/wp\/v2\/users\/1"}],"replies":[{"embeddable":true,"href":"http:\/\/mourmansk150.org\/non-acquis\/wp\/index.php?rest_route=%2Fwp%2Fv2%2Fcomments&post=201"}],"version-history":[{"count":5,"href":"http:\/\/mourmansk150.org\/non-acquis\/wp\/index.php?rest_route=\/wp\/v2\/pages\/201\/revisions"}],"predecessor-version":[{"id":206,"href":"http:\/\/mourmansk150.org\/non-acquis\/wp\/index.php?rest_route=\/wp\/v2\/pages\/201\/revisions\/206"}],"up":[{"embeddable":true,"href":"http:\/\/mourmansk150.org\/non-acquis\/wp\/index.php?rest_route=\/wp\/v2\/pages\/6"}],"wp:attachment":[{"href":"http:\/\/mourmansk150.org\/non-acquis\/wp\/index.php?rest_route=%2Fwp%2Fv2%2Fmedia&parent=201"}],"curies":[{"name":"wp","href":"https:\/\/api.w.org\/{rel}","templated":true}]}}