{"id":188,"date":"2014-04-25T16:40:14","date_gmt":"2014-04-25T15:40:14","guid":{"rendered":"http:\/\/mourmansk150.org\/non-acquis\/wp\/?page_id=188"},"modified":"2017-12-01T18:28:38","modified_gmt":"2017-12-01T17:28:38","slug":"liens","status":"publish","type":"page","link":"http:\/\/mourmansk150.org\/non-acquis\/wp\/?page_id=188","title":{"rendered":"Liens"},"content":{"rendered":"<ul>\n<li><a href=\"http:\/\/www.aredje.net\/crete\/\" target=\"_blank\">Cr\u00eate et P\u00e2querette<\/a><\/li>\n<table>\n<tr>\n<td>\n<p><a href=\"http:\/\/www.aredje.net\/crete\/\" target=\"_blank\"><img loading=\"lazy\" decoding=\"async\" src=\"http:\/\/mourmansk150.org\/non-acquis\/wp\/wp-content\/uploads\/2014\/04\/cp-1-300x150.png\" alt=\"cp-1\" width=\"300\" height=\"150\" class=\"alignnone size-medium wp-image-634\" srcset=\"http:\/\/mourmansk150.org\/non-acquis\/wp\/wp-content\/uploads\/2014\/04\/cp-1-300x150.png 300w, http:\/\/mourmansk150.org\/non-acquis\/wp\/wp-content\/uploads\/2014\/04\/cp-1.png 318w\" sizes=\"auto, (max-width: 300px) 100vw, 300px\" \/><\/a><\/p>\n<\/td>\n<td>\n<p><a href=\"https:\/\/www.facebook.com\/groups\/524606801031654\/\" target=\"_blank\"><img loading=\"lazy\" decoding=\"async\" src=\"http:\/\/mourmansk150.org\/non-acquis\/wp\/wp-content\/uploads\/2014\/04\/cp-3-300x30.png\" alt=\"cp-3\" width=\"300\" height=\"30\" class=\"alignnone size-medium wp-image-633\" srcset=\"http:\/\/mourmansk150.org\/non-acquis\/wp\/wp-content\/uploads\/2014\/04\/cp-3-300x30.png 300w, http:\/\/mourmansk150.org\/non-acquis\/wp\/wp-content\/uploads\/2014\/04\/cp-3.png 470w\" sizes=\"auto, (max-width: 300px) 100vw, 300px\" \/><\/a><\/p>\n<p><\/p>\n<p><a href=\"https:\/\/www.youtube.com\/watch?v=DItlZLOdZH0\" target=\"_blank\"><img loading=\"lazy\" decoding=\"async\" src=\"http:\/\/mourmansk150.org\/non-acquis\/wp\/wp-content\/uploads\/2014\/04\/cp-2.png\" alt=\"cp-2\" width=\"129\" height=\"42\" class=\"alignnone size-full wp-image-632\" \/><\/a><\/p>\n<\/td>\n<\/tr>\n<\/table>\n<li><a href=\"https:\/\/www.lesnenfantsperdus.com\" rel=\"noopener\" target=\"_blank\"><strong>L<\/strong>es <strong>N<\/strong>&lsquo;enfants <strong>P<\/strong>erdus<\/a><\/li>\n<p><a href=\"https:\/\/www.lesnenfantsperdus.com\" rel=\"noopener\" target=\"_blank\"><img loading=\"lazy\" decoding=\"async\" src=\"http:\/\/mourmansk150.org\/non-acquis\/wp\/wp-content\/uploads\/2017\/12\/13351082_1012309412180567_707104830_o-300x300.jpg\" alt=\"\" width=\"277\" height=\"135\" class=\"alignnone size-full wp-image-843\" \/><\/a><\/p>\n<\/ul>\n<p>&#8212;<\/p>\n<ul>\n<li><a href=\"http:\/\/www.animalliberationfront.com\/\" target=\"_blank\">Animal Liberation Front<\/a><\/li>\n<li><a href=\"http:\/\/www.cahiers-antispecistes.org\/\" target=\"_blank\">Les Cahiers Anti-Sp\u00e9cistes<\/a><\/li>\n<li><a href=\"http:\/\/www.anticorrida.com\/\" target=\"_blank\">CRAC. Comit\u00e9 Radicalement Anti-Corrida<\/a><\/li>\n<li><a href=\"http:\/\/lvnnapvegan.wix.com\/liberation-animale\" target=\"_blank\">Lib\u00e9ration Animale<\/a><\/li>\n<li><a href=\"http:\/\/lvnnapvegan.wix.com\/liberation-animale#!tracts\/cltl\" target=\"_blank\">Lib\u00e9ration Animale : tracts et bochures<\/a><\/li>\n<li><a href=\"http:\/\/cl\u00e9ah.org\/\">Collectif Libertaire pour l\u2019\u00c9galit\u00e9 Animale et Humaine<\/a><\/li>\n<li><a href=\"http:\/\/www.airsouffrance.fr\/\" target=\"_blank\">Les compagnies qui transportent des animaux de laboratoire<\/a><\/li>\n<li><a href=\"https:\/\/calabordeaux.wordpress.com\/\" target=\"_blank\">Collectif Anarchiste pour la Lib\u00e9ration Animale<\/a><\/li>\n<li><a href=\"http:\/\/blackmail3.org\/french.html\" target=\"_blank\">Contre l&rsquo;exp\u00e9rimentation animale<\/a><\/li>\n<\/ul>\n<p>&#8212;<\/p>\n<ul>\n<li><a href=\"http:\/\/www.activedistributionshop.org\/shop\/\" target=\"_blank\">Active distribution<\/a><\/li>\n<li><a href=\"http:\/\/www.pogocafe.co.uk\/\" target=\"_blank\">Pogo Cafe<\/a><\/li>\n<li><a href=\"https:\/\/www.impact-mailorder.de\/\" target=\"_blank\">Impact Mailorder<\/a><\/li>\n<li><a href=\"http:\/\/www.subhumans.co.uk\/\" target=\"_blank\">Bluurg Records<\/a><\/li>\n<li><a href=\"hhttp:\/\/www.truemmerlandschaft.de\/trashedy\/cress\/index.php\" target=\"_blank\">CRESS<\/a><\/li>\n<p>&#8212;<\/p>\n<ul>\n<li><a href=\"http:\/\/www.unmondevegan.com\/index.cfm\" target=\"_blank\">Un Monde Vegan  &#8211; Boutique VEGAN<\/a><\/li>\n<li><a href=\"http:\/\/www.vegeclic.fr\/\" target=\"_blank\">Vegeclic &#8211; Boutique VEGAN<\/a><\/li>\n<\/ul>\n","protected":false},"excerpt":{"rendered":"<p>Cr\u00eate et P\u00e2querette Les N&lsquo;enfants Perdus &#8212; Animal Liberation Front Les Cahiers Anti-Sp\u00e9cistes CRAC. Comit\u00e9 Radicalement Anti-Corrida Lib\u00e9ration Animale Lib\u00e9ration Animale : tracts et bochures Collectif Libertaire pour l\u2019\u00c9galit\u00e9 Animale et Humaine Les compagnies qui transportent des animaux de laboratoire&hellip; <a href=\"http:\/\/mourmansk150.org\/non-acquis\/wp\/?page_id=188\" class=\"more-link\">Continuer la lecture <span class=\"meta-nav\">&rarr;<\/span><\/a><\/p>\n","protected":false},"author":1,"featured_media":0,"parent":0,"menu_order":6,"comment_status":"open","ping_status":"open","template":"","meta":{"footnotes":""},"class_list":["post-188","page","type-page","status-publish","hentry"],"_links":{"self":[{"href":"http:\/\/mourmansk150.org\/non-acquis\/wp\/index.php?rest_route=\/wp\/v2\/pages\/188","targetHints":{"allow":["GET"]}}],"collection":[{"href":"http:\/\/mourmansk150.org\/non-acquis\/wp\/index.php?rest_route=\/wp\/v2\/pages"}],"about":[{"href":"http:\/\/mourmansk150.org\/non-acquis\/wp\/index.php?rest_route=\/wp\/v2\/types\/page"}],"author":[{"embeddable":true,"href":"http:\/\/mourmansk150.org\/non-acquis\/wp\/index.php?rest_route=\/wp\/v2\/users\/1"}],"replies":[{"embeddable":true,"href":"http:\/\/mourmansk150.org\/non-acquis\/wp\/index.php?rest_route=%2Fwp%2Fv2%2Fcomments&post=188"}],"version-history":[{"count":31,"href":"http:\/\/mourmansk150.org\/non-acquis\/wp\/index.php?rest_route=\/wp\/v2\/pages\/188\/revisions"}],"predecessor-version":[{"id":845,"href":"http:\/\/mourmansk150.org\/non-acquis\/wp\/index.php?rest_route=\/wp\/v2\/pages\/188\/revisions\/845"}],"wp:attachment":[{"href":"http:\/\/mourmansk150.org\/non-acquis\/wp\/index.php?rest_route=%2Fwp%2Fv2%2Fmedia&parent=188"}],"curies":[{"name":"wp","href":"https:\/\/api.w.org\/{rel}","templated":true}]}}