{"id":185,"date":"2014-04-25T16:20:13","date_gmt":"2014-04-25T15:20:13","guid":{"rendered":"http:\/\/mourmansk150.org\/non-acquis\/wp\/?page_id=185"},"modified":"2014-04-25T18:42:24","modified_gmt":"2014-04-25T17:42:24","slug":"ce-soir","status":"publish","type":"page","link":"http:\/\/mourmansk150.org\/non-acquis\/wp\/?page_id=185","title":{"rendered":"Ce soir"},"content":{"rendered":"<p>Ce soir, ce soir j&rsquo;foutrai le boxon<br \/>\nA m&rsquo;prendre des coups, \u00e0 m&rsquo;prendre des gnons<br \/>\nEt oublier cette vie d&rsquo;con<\/p>\n<p>Ce soir, ce soir, j&rsquo;irai au pogo<br \/>\nM&rsquo;p\u00e9ter les dents, m&rsquo;briser les os !<br \/>\nPour oublier cette vie d&rsquo;charlot<\/p>\n<p>Ce soir, ce soir, j&rsquo;finirai au troquet<br \/>\nA boire, \u00e0 reboire et \u00e0 d\u00e9gueuler<br \/>\nPour oublier cette d&rsquo;vie d&rsquo;paum\u00e9<\/p>\n<p>Ce soir, ce soir j&rsquo;foutrai le boxon<br \/>\nA m&rsquo;prendre des coups, \u00e0 m&rsquo;prendre des gnions<br \/>\nEt oublier cette vie d&rsquo;con<\/p>\n","protected":false},"excerpt":{"rendered":"<p>Ce soir, ce soir j&rsquo;foutrai le boxon A m&rsquo;prendre des coups, \u00e0 m&rsquo;prendre des gnons Et oublier cette vie d&rsquo;con Ce soir, ce soir, j&rsquo;irai au pogo M&rsquo;p\u00e9ter les dents, m&rsquo;briser les os ! Pour oublier cette vie d&rsquo;charlot Ce&hellip; <a href=\"http:\/\/mourmansk150.org\/non-acquis\/wp\/?page_id=185\" class=\"more-link\">Continuer la lecture <span class=\"meta-nav\">&rarr;<\/span><\/a><\/p>\n","protected":false},"author":1,"featured_media":0,"parent":6,"menu_order":0,"comment_status":"open","ping_status":"open","template":"","meta":{"footnotes":""},"class_list":["post-185","page","type-page","status-publish","hentry"],"_links":{"self":[{"href":"http:\/\/mourmansk150.org\/non-acquis\/wp\/index.php?rest_route=\/wp\/v2\/pages\/185","targetHints":{"allow":["GET"]}}],"collection":[{"href":"http:\/\/mourmansk150.org\/non-acquis\/wp\/index.php?rest_route=\/wp\/v2\/pages"}],"about":[{"href":"http:\/\/mourmansk150.org\/non-acquis\/wp\/index.php?rest_route=\/wp\/v2\/types\/page"}],"author":[{"embeddable":true,"href":"http:\/\/mourmansk150.org\/non-acquis\/wp\/index.php?rest_route=\/wp\/v2\/users\/1"}],"replies":[{"embeddable":true,"href":"http:\/\/mourmansk150.org\/non-acquis\/wp\/index.php?rest_route=%2Fwp%2Fv2%2Fcomments&post=185"}],"version-history":[{"count":2,"href":"http:\/\/mourmansk150.org\/non-acquis\/wp\/index.php?rest_route=\/wp\/v2\/pages\/185\/revisions"}],"predecessor-version":[{"id":200,"href":"http:\/\/mourmansk150.org\/non-acquis\/wp\/index.php?rest_route=\/wp\/v2\/pages\/185\/revisions\/200"}],"up":[{"embeddable":true,"href":"http:\/\/mourmansk150.org\/non-acquis\/wp\/index.php?rest_route=\/wp\/v2\/pages\/6"}],"wp:attachment":[{"href":"http:\/\/mourmansk150.org\/non-acquis\/wp\/index.php?rest_route=%2Fwp%2Fv2%2Fmedia&parent=185"}],"curies":[{"name":"wp","href":"https:\/\/api.w.org\/{rel}","templated":true}]}}