{"id":180,"date":"2014-04-25T16:14:18","date_gmt":"2014-04-25T15:14:18","guid":{"rendered":"http:\/\/mourmansk150.org\/non-acquis\/wp\/?page_id=180"},"modified":"2017-12-17T18:24:48","modified_gmt":"2017-12-17T17:24:48","slug":"walhalla","status":"publish","type":"page","link":"http:\/\/mourmansk150.org\/non-acquis\/wp\/?page_id=180","title":{"rendered":"Walhalla"},"content":{"rendered":"<p>Nombreux les braves guerriers<br \/>\nMorts arm\u00e9s de leurs \u00e9p\u00e9es<br \/>\nLa Mort ne les effraye pas<br \/>\nCar la Walkyrie les embrassera<\/p>\n<p>Dans la violence des combats<br \/>\nUn sombre jour tu tomberas<br \/>\nValeureux d\u00e9funts guerrier<br \/>\nA Asgard tu s&rsquo;ras convi\u00e9<\/p>\n<p>Aupr\u00e8s d&rsquo;une Walkyrie Tu t&rsquo;es couch\u00e9<br \/>\nElle t&rsquo;as saisi , tu l&rsquo;as embrass\u00e9e<br \/>\nEn \u00ab\u00a0Einherjar\u00a0\u00bb tu renais<br \/>\nMais la plaine de Vigrid est ensanglant\u00e9e<br \/>\nCar Garm s&rsquo;est d\u00e9cha\u00een\u00e9<br \/>\nEt notre Dieu Odin est tomb\u00e9<\/p>\n<p>Walhalla !<br \/>\nWalkyrie !<br \/>\nRagnarok !<br \/>\nAsgard ! <\/p>\n","protected":false},"excerpt":{"rendered":"<p>Nombreux les braves guerriers Morts arm\u00e9s de leurs \u00e9p\u00e9es La Mort ne les effraye pas Car la Walkyrie les embrassera Dans la violence des combats Un sombre jour tu tomberas Valeureux d\u00e9funts guerrier A Asgard tu s&rsquo;ras convi\u00e9 Aupr\u00e8s d&rsquo;une&hellip; <a href=\"http:\/\/mourmansk150.org\/non-acquis\/wp\/?page_id=180\" class=\"more-link\">Continuer la lecture <span class=\"meta-nav\">&rarr;<\/span><\/a><\/p>\n","protected":false},"author":1,"featured_media":0,"parent":6,"menu_order":8,"comment_status":"open","ping_status":"closed","template":"","meta":{"footnotes":""},"class_list":["post-180","page","type-page","status-publish","hentry"],"_links":{"self":[{"href":"http:\/\/mourmansk150.org\/non-acquis\/wp\/index.php?rest_route=\/wp\/v2\/pages\/180","targetHints":{"allow":["GET"]}}],"collection":[{"href":"http:\/\/mourmansk150.org\/non-acquis\/wp\/index.php?rest_route=\/wp\/v2\/pages"}],"about":[{"href":"http:\/\/mourmansk150.org\/non-acquis\/wp\/index.php?rest_route=\/wp\/v2\/types\/page"}],"author":[{"embeddable":true,"href":"http:\/\/mourmansk150.org\/non-acquis\/wp\/index.php?rest_route=\/wp\/v2\/users\/1"}],"replies":[{"embeddable":true,"href":"http:\/\/mourmansk150.org\/non-acquis\/wp\/index.php?rest_route=%2Fwp%2Fv2%2Fcomments&post=180"}],"version-history":[{"count":5,"href":"http:\/\/mourmansk150.org\/non-acquis\/wp\/index.php?rest_route=\/wp\/v2\/pages\/180\/revisions"}],"predecessor-version":[{"id":588,"href":"http:\/\/mourmansk150.org\/non-acquis\/wp\/index.php?rest_route=\/wp\/v2\/pages\/180\/revisions\/588"}],"up":[{"embeddable":true,"href":"http:\/\/mourmansk150.org\/non-acquis\/wp\/index.php?rest_route=\/wp\/v2\/pages\/6"}],"wp:attachment":[{"href":"http:\/\/mourmansk150.org\/non-acquis\/wp\/index.php?rest_route=%2Fwp%2Fv2%2Fmedia&parent=180"}],"curies":[{"name":"wp","href":"https:\/\/api.w.org\/{rel}","templated":true}]}}