{"id":176,"date":"2014-04-25T16:09:37","date_gmt":"2014-04-25T15:09:37","guid":{"rendered":"http:\/\/mourmansk150.org\/non-acquis\/wp\/?page_id=176"},"modified":"2015-11-19T12:54:45","modified_gmt":"2015-11-19T11:54:45","slug":"if-liberation-is-terrorism","status":"publish","type":"page","link":"http:\/\/mourmansk150.org\/non-acquis\/wp\/?page_id=176","title":{"rendered":"If liberation is terrorism"},"content":{"rendered":"<p>Tu avances cagoul\u00e9 dans la for\u00eat noire et glac\u00e9e<br \/>\nL&rsquo;aube s&rsquo;est lev\u00e9e, les hunt saboteurs vont chasser<br \/>\nLes r\u00f4les sont invers\u00e9s, les chasseurs seront l&rsquo;gibier<br \/>\nEntre provoc et intimidation, aujourd&rsquo;hui faut pas t&rsquo;faire chier !<\/p>\n<p>Tu avances cagoul\u00e9 dans la nuit noire et glac\u00e9e<br \/>\nLes vitrines des bouchers, tu vas les exploser<br \/>\nLes \u00e9tales de la mort, cette nuit, vont br\u00fbler<br \/>\nEt c&rsquo;est le sang des meurtriers qui va enfin couler<\/p>\n<p>Tu avances cagoul\u00e9 dans la ville noire et glac\u00e9e<br \/>\nLes animaux d&rsquo;exp\u00e9rimentation, tu vas les lib\u00e9rer<br \/>\nCasse-boulon et pied-de-biche, toutes les cages vont c\u00e9der<br \/>\nLib\u00e9rer de leurs bourreaux, les animaux seront respect\u00e9s<\/p>\n<p>Tu avances cagoul\u00e9 dans la for\u00eat noire et glac\u00e9e<br \/>\nTu avances cagoul\u00e9 dans la nuit noire et glac\u00e9e<br \/>\nTu avances cagoul\u00e9 dans la ville noire et glac\u00e9e<br \/>\nEt tu supportes l&rsquo;ALF avec FIERT\u00c9 !!!!<\/p>\n<p>Break<\/p>\n<p><a href=\"http:\/\/mourmansk150.org\/non-acquis\/wp\/wp-content\/uploads\/2014\/04\/ALF-2.jpeg\"><img loading=\"lazy\" decoding=\"async\" src=\"http:\/\/mourmansk150.org\/non-acquis\/wp\/wp-content\/uploads\/2014\/04\/ALF-2-227x300.jpeg\" alt=\"ALF-2\" width=\"227\" height=\"300\" class=\"alignnone size-medium wp-image-177\" srcset=\"http:\/\/mourmansk150.org\/non-acquis\/wp\/wp-content\/uploads\/2014\/04\/ALF-2-227x300.jpeg 227w, http:\/\/mourmansk150.org\/non-acquis\/wp\/wp-content\/uploads\/2014\/04\/ALF-2.jpeg 500w\" sizes=\"auto, (max-width: 227px) 100vw, 227px\" \/><\/a><\/p>\n","protected":false},"excerpt":{"rendered":"<p>Tu avances cagoul\u00e9 dans la for\u00eat noire et glac\u00e9e L&rsquo;aube s&rsquo;est lev\u00e9e, les hunt saboteurs vont chasser Les r\u00f4les sont invers\u00e9s, les chasseurs seront l&rsquo;gibier Entre provoc et intimidation, aujourd&rsquo;hui faut pas t&rsquo;faire chier ! Tu avances cagoul\u00e9 dans la&hellip; <a href=\"http:\/\/mourmansk150.org\/non-acquis\/wp\/?page_id=176\" class=\"more-link\">Continuer la lecture <span class=\"meta-nav\">&rarr;<\/span><\/a><\/p>\n","protected":false},"author":1,"featured_media":0,"parent":6,"menu_order":0,"comment_status":"open","ping_status":"open","template":"","meta":{"footnotes":""},"class_list":["post-176","page","type-page","status-publish","hentry"],"_links":{"self":[{"href":"http:\/\/mourmansk150.org\/non-acquis\/wp\/index.php?rest_route=\/wp\/v2\/pages\/176","targetHints":{"allow":["GET"]}}],"collection":[{"href":"http:\/\/mourmansk150.org\/non-acquis\/wp\/index.php?rest_route=\/wp\/v2\/pages"}],"about":[{"href":"http:\/\/mourmansk150.org\/non-acquis\/wp\/index.php?rest_route=\/wp\/v2\/types\/page"}],"author":[{"embeddable":true,"href":"http:\/\/mourmansk150.org\/non-acquis\/wp\/index.php?rest_route=\/wp\/v2\/users\/1"}],"replies":[{"embeddable":true,"href":"http:\/\/mourmansk150.org\/non-acquis\/wp\/index.php?rest_route=%2Fwp%2Fv2%2Fcomments&post=176"}],"version-history":[{"count":8,"href":"http:\/\/mourmansk150.org\/non-acquis\/wp\/index.php?rest_route=\/wp\/v2\/pages\/176\/revisions"}],"predecessor-version":[{"id":580,"href":"http:\/\/mourmansk150.org\/non-acquis\/wp\/index.php?rest_route=\/wp\/v2\/pages\/176\/revisions\/580"}],"up":[{"embeddable":true,"href":"http:\/\/mourmansk150.org\/non-acquis\/wp\/index.php?rest_route=\/wp\/v2\/pages\/6"}],"wp:attachment":[{"href":"http:\/\/mourmansk150.org\/non-acquis\/wp\/index.php?rest_route=%2Fwp%2Fv2%2Fmedia&parent=176"}],"curies":[{"name":"wp","href":"https:\/\/api.w.org\/{rel}","templated":true}]}}