{"id":174,"date":"2014-04-25T15:59:16","date_gmt":"2014-04-25T14:59:16","guid":{"rendered":"http:\/\/mourmansk150.org\/non-acquis\/wp\/?page_id=174"},"modified":"2017-12-17T18:24:54","modified_gmt":"2017-12-17T17:24:54","slug":"tinuviel","status":"publish","type":"page","link":"http:\/\/mourmansk150.org\/non-acquis\/wp\/?page_id=174","title":{"rendered":"Tin\u00f9viel"},"content":{"rendered":"<p>Quand j&rsquo;ai rencontr\u00e9 Tin\u00f9viel<br \/>\nPetite d\u00e9esse tomb\u00e9e du ciel<br \/>\nPetit rossignol des for\u00eats<br \/>\nOn n&rsquo;pouvait que l\u2019adorer !<\/p>\n<p>Elle est rentr\u00e9e \u00e0 la maison<br \/>\nElle a fait fondre tous les gar\u00e7ons<br \/>\nSacr\u00e9e vraie p&rsquo;tite crapule<br \/>\nLa petite fille du cr\u00e9puscule<\/p>\n<p>Tous les elfes de la for\u00eat<br \/>\nA tous les coups vont l&rsquo;adorer<br \/>\nProt\u00e9g\u00e9e par E\u00e4rendil<br \/>\nA pleines dents, elle croque la vie !<\/p>\n<p>Hoh\u00e9 ho Tin\u00f9viel !<\/p>\n","protected":false},"excerpt":{"rendered":"<p>Quand j&rsquo;ai rencontr\u00e9 Tin\u00f9viel Petite d\u00e9esse tomb\u00e9e du ciel Petit rossignol des for\u00eats On n&rsquo;pouvait que l\u2019adorer ! Elle est rentr\u00e9e \u00e0 la maison Elle a fait fondre tous les gar\u00e7ons Sacr\u00e9e vraie p&rsquo;tite crapule La petite fille du cr\u00e9puscule&hellip; <a href=\"http:\/\/mourmansk150.org\/non-acquis\/wp\/?page_id=174\" class=\"more-link\">Continuer la lecture <span class=\"meta-nav\">&rarr;<\/span><\/a><\/p>\n","protected":false},"author":1,"featured_media":0,"parent":6,"menu_order":9,"comment_status":"open","ping_status":"closed","template":"","meta":{"footnotes":""},"class_list":["post-174","page","type-page","status-publish","hentry"],"_links":{"self":[{"href":"http:\/\/mourmansk150.org\/non-acquis\/wp\/index.php?rest_route=\/wp\/v2\/pages\/174","targetHints":{"allow":["GET"]}}],"collection":[{"href":"http:\/\/mourmansk150.org\/non-acquis\/wp\/index.php?rest_route=\/wp\/v2\/pages"}],"about":[{"href":"http:\/\/mourmansk150.org\/non-acquis\/wp\/index.php?rest_route=\/wp\/v2\/types\/page"}],"author":[{"embeddable":true,"href":"http:\/\/mourmansk150.org\/non-acquis\/wp\/index.php?rest_route=\/wp\/v2\/users\/1"}],"replies":[{"embeddable":true,"href":"http:\/\/mourmansk150.org\/non-acquis\/wp\/index.php?rest_route=%2Fwp%2Fv2%2Fcomments&post=174"}],"version-history":[{"count":1,"href":"http:\/\/mourmansk150.org\/non-acquis\/wp\/index.php?rest_route=\/wp\/v2\/pages\/174\/revisions"}],"predecessor-version":[{"id":175,"href":"http:\/\/mourmansk150.org\/non-acquis\/wp\/index.php?rest_route=\/wp\/v2\/pages\/174\/revisions\/175"}],"up":[{"embeddable":true,"href":"http:\/\/mourmansk150.org\/non-acquis\/wp\/index.php?rest_route=\/wp\/v2\/pages\/6"}],"wp:attachment":[{"href":"http:\/\/mourmansk150.org\/non-acquis\/wp\/index.php?rest_route=%2Fwp%2Fv2%2Fmedia&parent=174"}],"curies":[{"name":"wp","href":"https:\/\/api.w.org\/{rel}","templated":true}]}}