{"id":172,"date":"2014-04-25T15:55:15","date_gmt":"2014-04-25T14:55:15","guid":{"rendered":"http:\/\/mourmansk150.org\/non-acquis\/wp\/?page_id=172"},"modified":"2016-03-20T18:29:35","modified_gmt":"2016-03-20T17:29:35","slug":"jaime-pas-ta-viande","status":"publish","type":"page","link":"http:\/\/mourmansk150.org\/non-acquis\/wp\/?page_id=172","title":{"rendered":"J&rsquo;aime pas la viande !"},"content":{"rendered":"<p>Adaptation VEGAN du <strong>J&rsquo;aime pas ta viande<\/strong> d&rsquo;<strong><a href=\"https:\/\/anonymapunk.wordpress.com\/\" target=\"_blank\">ANONYMA<\/a><\/strong>.<br \/>\nA la base, morceau <strong>J&rsquo;aime pas ta soupe<\/strong> des <strong>B\u00e9rurier Noir<\/strong>.<\/p>\n<p>==================================<br \/>\nJ&rsquo;aime pas ta viande<br \/>\n&#8212;-> Mange la quand m\u00eame<br \/>\nJ&rsquo;veux d&rsquo;ta viande<br \/>\n&#8212;-> J&rsquo;l&rsquo;ai pr\u00e9par\u00e9e<br \/>\nTu l&rsquo;as tu\u00e9e<br \/>\n&#8212;-> J&rsquo;l&rsquo;ai pay\u00e9e<br \/>\nJ&rsquo;veux pas bouffer<br \/>\n&#8212;-> Tu vas crever !!<\/p>\n<p>Y&rsquo;a trop de sang<br \/>\n&#8212;-> \u00c7a c&rsquo;est marrant<br \/>\n\u00c7a pue la mort<br \/>\n&#8212;-> \u00c7a t&rsquo;rendra fort<br \/>\nMais j&rsquo;en veux pas<br \/>\n&#8212;-> Faut l&rsquo;avaler<br \/>\nJ&rsquo;suis pas boucher<br \/>\n&#8212;-> Tu vas bouffer !<\/p>\n<p>Moi j&rsquo;suis v\u00e9gan<br \/>\n&#8212;-> T&rsquo;es pas normal<br \/>\nC&rsquo;est pas pour moi<br \/>\n&#8212;-> Bah t&rsquo;en auras<br \/>\nTu fais gerber<br \/>\n&#8212;-> T&rsquo;en reprendra<br \/>\nJ&rsquo;vais pas changer<br \/>\n&#8212;-> C&rsquo;est c&rsquo;qu&rsquo;on verra !<\/p>\n<p>\u00catre v\u00e9gan c&rsquo;est chercher \u00e0 exclure, autant que faire se peut, toute forme d&rsquo;exploitation et de cruaut\u00e9 animale, que ce soit pour se nourrir, se v\u00eatir ou pour tout autre but.<\/p>\n<p>Le v\u00e9ganisme est le stade absolu du v\u00e9g\u00e9talisme, c&rsquo;est son climax.<\/p>\n<p>Le v\u00e9gan c&rsquo;est quelqu&rsquo;un qui essaye de vivre sans exploiter les animaux, non seulement pour eux m\u00eames mais aussi pour les humains et notre plan\u00e8te.<\/p>\n<p>Concr\u00e8tement, le v\u00e9gan exclut tout produit d&rsquo;origine animale non seulement de son alimentation (viande, poisson, \u0153uf, lait, miel, pressure&#8230;) mais aussi de son style de vie (pas de v\u00eatements en cuir, laine ou soie) ainsi que tout produit dont la fabrication induit une souffrance animale (cosm\u00e9tiques, animaux d&rsquo;exp\u00e9rimentation ou de laboratoire).<\/p>\n<p>Pour l&rsquo;alimentation, les prot\u00e9ines animales sont remplac\u00e9es par des prot\u00e9ines v\u00e9g\u00e9tales issues de l&rsquo;agriculture biologique (soja, seitan, tempeh&#8230;) ou de l&rsquo;association l\u00e9gumineuses-c\u00e9r\u00e9ales ceci afin de faciliter l&rsquo;assimilation par les acides amin\u00e9s, des champignons, des bact\u00e9ries (bifidus&#8230;) ou des substances non vivantes (sel, calcium&#8230;).<\/p>\n<p>Le v\u00e9gan est donc anti-sp\u00e9ciste\u00a0: il ne tol\u00e8re pas de faire aux animaux ce que l&rsquo;on ne ferait pas \u00e0 l&rsquo;homme. <\/p>\n<p>Le sp\u00e9cisme est ce que le racisme est \u00e0 la race ou le sexisme au sexe\u00a0: une volont\u00e9 de ne pas prendre en compte les int\u00e9r\u00eats de certains au b\u00e9n\u00e9fice des autres.<\/p>\n<p>Le v\u00e9gan est donc profond\u00e9ment anti-sp\u00e9ciste\u00a0: il ne tol\u00e8re pas que des animaux soient \u00e9lev\u00e9s et abattus pour fournir de la viande ni utilis\u00e9s comme des mod\u00e8les biologiques pour nos int\u00e9r\u00eats scientifiques et encore moins chass\u00e9s pour notre plaisir.<\/p>\n<p>C&rsquo;est dans la lutte contre ces pratiques que s&rsquo;\u00e9l\u00e8ve l&rsquo; ALF \u00ab\u00a0Front de Lib\u00e9ration Animale\u00a0\u00bb,<br \/>\nconsid\u00e9r\u00e9 comme groupuscule terroriste car il remet en cause les fondements m\u00eames de notre soci\u00e9t\u00e9 ultra-capitaliste et qu&rsquo;il pr\u00f4ne l&rsquo;Action Directe.<\/p>\n<p>L&rsquo; ALF rejette la consid\u00e9ration des animaux par les humains dite utilitaire (r\u00e9formiste ou Welfarist) au profit de la th\u00e8se dite abolitionniste\u00a0: les animaux doivent b\u00e9n\u00e9ficier des m\u00eames droits moraux \u00e0 vivre librement que l&rsquo;\u00eatre humain.<\/p>\n<p>Face \u00e0 l&rsquo;inertie du syst\u00e8me, l&rsquo;ALF pr\u00f4ne la mise en place de l&rsquo;Action Directe\u00a0: sabotage de la chasse (Hunt Saboteur), pression sur les offices vendant des produits issus de l&rsquo;exploitation animale ou op\u00e9rations de lib\u00e9ration d&rsquo;animaux dans les laboratoires d&rsquo;exp\u00e9rimentation.<\/p>\n<p>Suite aux d\u00e9rapages de certaines actions (intimidations, provocations ayant mal tourn\u00e9), l&rsquo;ALF est consid\u00e9r\u00e9 comme ennemi de l&rsquo;\u00c9tat et ses membres pr\u00e9f\u00e8rent garder l&rsquo;anonymat et avancent cagoul\u00e9s.<br \/>\nLeur identit\u00e9 est celle de la gu\u00e9rilla\u00a0: rendre l&rsquo;impossible possible.<\/p>\n<p>Le v\u00e9g\u00e9tarisme est \u00e0 diff\u00e9rencier du v\u00e9ganisme car il ne pr\u00e9sente pas ou peu cet aspect philosophique, ce mode de vie.<\/p>\n<p>De plus, la production de produits laitiers, par exemple, qui, \u00e0 premi\u00e8re vue est sans contrainte pour l&rsquo;animal, cache pourtant une issue morbide\u00a0: l&rsquo;abattage de l&rsquo;animal.<\/p>\n<p>De m\u00eame, pour qu&rsquo;un animal produise du lait, le petit doit \u00eatre s\u00e9par\u00e9 de sa m\u00e8re une fois la lactation d\u00e9but\u00e9e (cas de la vache, de la ch\u00e8vre&#8230;).<\/p>\n<p>Le petit finira directement \u00e0 l&rsquo;abattoir ou sera exploit\u00e9 dans un premier temps pour finir quoi qu&rsquo;il en soit sur un \u00e9tal.<\/p>\n<p>Enfin, le v\u00e9gan s&rsquo;inscrit dans un environnement mondial.<\/p>\n<p>Il d\u00e9nonce la faim dans le monde\u00a0: alors que 800 millions de personnes souffrent de la faim, une grande partie des c\u00e9r\u00e9ales cultiv\u00e9es (1\/3) sert \u00e0 nourrir le b\u00e9tail des pays riches.<\/p>\n<p>Imaginez l&rsquo;alternative v\u00e9g\u00e9tale possible&#8230; \u00ab\u00a0La vache du riche affame le monde\u00a0\u00bb.<\/p>\n<p>Ces cultures ont en outre des cons\u00e9quences catastrophiques sur notre plan\u00e8te\u00a0: pollution de l&rsquo;eau, de l&rsquo;air, effet de serre, d\u00e9forestation, OGM, r\u00e9chauffement climatique&#8230;<\/p>\n<p>Notre plan\u00e8te ne pourra jamais nourrir, sur la base alimentaire des pays d\u00e9velopp\u00e9s, les quelques 7,2 milliards d&rsquo;habitants qui peuplent notre plan\u00e8te.<\/p>\n<p>L&rsquo;\u00e9quilibre est possible sur une base alimentaire v\u00e9g\u00e9tale o\u00f9 tous les acteurs  seraient respect\u00e9s.<\/p>\n<p>Supportez la VEGAN SOCIETY m\u00eame si les v\u00e9gans ne repr\u00e9sentent qu&rsquo;environ 0,1\u00a0% des populations occidentales, supportez l&rsquo;ALF et respectez la vie animale\u00a0! <\/p>\n<p>STOP  \u00e0 toutes les formes d&rsquo;exploitation\u00a0! <\/p>\n<p>Construisons un monde sans souffrance.<\/p>\n<p>Lib\u00e9rons-nous de toutes ces contraintes inh\u00e9rentes \u00e0<\/p>\n<p> toutes formes de violences physiques et<\/p>\n<p> psychologiques.<\/p>\n<p>PAIX ET ANARCHIE<\/p>\n","protected":false},"excerpt":{"rendered":"<p>Adaptation VEGAN du J&rsquo;aime pas ta viande d&rsquo;ANONYMA. A la base, morceau J&rsquo;aime pas ta soupe des B\u00e9rurier Noir. ================================== J&rsquo;aime pas ta viande &#8212;-> Mange la quand m\u00eame J&rsquo;veux d&rsquo;ta viande &#8212;-> J&rsquo;l&rsquo;ai pr\u00e9par\u00e9e Tu l&rsquo;as tu\u00e9e &#8212;-> J&rsquo;l&rsquo;ai&hellip; <a href=\"http:\/\/mourmansk150.org\/non-acquis\/wp\/?page_id=172\" class=\"more-link\">Continuer la lecture <span class=\"meta-nav\">&rarr;<\/span><\/a><\/p>\n","protected":false},"author":1,"featured_media":0,"parent":6,"menu_order":0,"comment_status":"open","ping_status":"closed","template":"","meta":{"footnotes":""},"class_list":["post-172","page","type-page","status-publish","hentry"],"_links":{"self":[{"href":"http:\/\/mourmansk150.org\/non-acquis\/wp\/index.php?rest_route=\/wp\/v2\/pages\/172","targetHints":{"allow":["GET"]}}],"collection":[{"href":"http:\/\/mourmansk150.org\/non-acquis\/wp\/index.php?rest_route=\/wp\/v2\/pages"}],"about":[{"href":"http:\/\/mourmansk150.org\/non-acquis\/wp\/index.php?rest_route=\/wp\/v2\/types\/page"}],"author":[{"embeddable":true,"href":"http:\/\/mourmansk150.org\/non-acquis\/wp\/index.php?rest_route=\/wp\/v2\/users\/1"}],"replies":[{"embeddable":true,"href":"http:\/\/mourmansk150.org\/non-acquis\/wp\/index.php?rest_route=%2Fwp%2Fv2%2Fcomments&post=172"}],"version-history":[{"count":6,"href":"http:\/\/mourmansk150.org\/non-acquis\/wp\/index.php?rest_route=\/wp\/v2\/pages\/172\/revisions"}],"predecessor-version":[{"id":619,"href":"http:\/\/mourmansk150.org\/non-acquis\/wp\/index.php?rest_route=\/wp\/v2\/pages\/172\/revisions\/619"}],"up":[{"embeddable":true,"href":"http:\/\/mourmansk150.org\/non-acquis\/wp\/index.php?rest_route=\/wp\/v2\/pages\/6"}],"wp:attachment":[{"href":"http:\/\/mourmansk150.org\/non-acquis\/wp\/index.php?rest_route=%2Fwp%2Fv2%2Fmedia&parent=172"}],"curies":[{"name":"wp","href":"https:\/\/api.w.org\/{rel}","templated":true}]}}