{"id":164,"date":"2014-04-25T15:36:47","date_gmt":"2014-04-25T14:36:47","guid":{"rendered":"http:\/\/mourmansk150.org\/non-acquis\/wp\/?page_id=164"},"modified":"2014-04-25T15:36:47","modified_gmt":"2014-04-25T14:36:47","slug":"sombre-realite","status":"publish","type":"page","link":"http:\/\/mourmansk150.org\/non-acquis\/wp\/?page_id=164","title":{"rendered":"Sombre R\u00e9alit\u00e9"},"content":{"rendered":"<p>Promoteurs immobiliers<br \/>\nT&rsquo;as pay\u00e9, t&rsquo;es log\u00e9<br \/>\nDans des cages \u00e0 rats pourries<br \/>\nInsalubres, des taudis<br \/>\nT&rsquo;es trop pauvre pour contester<br \/>\nAlors tu dois la fermer<\/p>\n<p>Constructeurs automobiles<br \/>\nDu commercial ou notaire<br \/>\nMeme medecins et chirurgiens<br \/>\nExploitent toutes ces arnaques<br \/>\nEt spolient les pauvres gens<br \/>\nBien trop pauvres pour se d\u00e9fendre !<\/p>\n<p>Et dire que la plupart<br \/>\nSont de simples prolos<br \/>\nQui baisent d&rsquo;autres prolos<br \/>\nCar cette pute de soci\u00e9t\u00e9<br \/>\nLeur promet Monts et merveilles<br \/>\nQu&rsquo;ils n&rsquo;auront jamais<\/p>\n<p>Faudrait bientot un avocat<br \/>\nPour faire tous nos achats<br \/>\nTu sais qu&rsquo;on le peut pas<br \/>\nEt t&rsquo;en profites pour t&rsquo;engraisser<br \/>\nTu t&rsquo;remplis les poches de fric\u00a0\u00a0 \u00a0\u00a0\u00a0 \u00a0|<br \/>\nPris \u00e0 de pauvres types\u00a0\u00a0 \u00a0\u00a0\u00a0 \u00a0\u00a0\u00a0 \u00a0|<\/p>\n<p>==================================<br \/>\nOn est pas compl\u00e8tement d\u00e9biles<br \/>\nOn voit bien vos arnaques<br \/>\nMais faites gaffe qu&rsquo;un beau jour<br \/>\nOn en ait pas ma claque<\/p>\n<p>Fais gaffe \u00e0 ta gueule blaireau<br \/>\nTu m&rsquo;a piqu\u00e9 mon magot<br \/>\nCar moi je me sp\u00e9cialise<br \/>\nUn vrai pro de la racl\u00e9e<br \/>\nEt crois moi je ne vais pas te rater\u00a0\u00a0\u00a0 (X)<br \/>\n===================================<\/p>\n<p>[<br \/>\nCar pour nous pas d&rsquo;avocat<br \/>\nMais un reglement barre \u00e0 mine<br \/>\nET nos bates de base ball<br \/>\nRisque fort de vous faire grand tort<br \/>\n]<\/p>\n","protected":false},"excerpt":{"rendered":"<p>Promoteurs immobiliers T&rsquo;as pay\u00e9, t&rsquo;es log\u00e9 Dans des cages \u00e0 rats pourries Insalubres, des taudis T&rsquo;es trop pauvre pour contester Alors tu dois la fermer Constructeurs automobiles Du commercial ou notaire Meme medecins et chirurgiens Exploitent toutes ces arnaques Et&hellip; <a href=\"http:\/\/mourmansk150.org\/non-acquis\/wp\/?page_id=164\" class=\"more-link\">Continuer la lecture <span class=\"meta-nav\">&rarr;<\/span><\/a><\/p>\n","protected":false},"author":1,"featured_media":0,"parent":6,"menu_order":0,"comment_status":"open","ping_status":"open","template":"","meta":{"footnotes":""},"class_list":["post-164","page","type-page","status-publish","hentry"],"_links":{"self":[{"href":"http:\/\/mourmansk150.org\/non-acquis\/wp\/index.php?rest_route=\/wp\/v2\/pages\/164","targetHints":{"allow":["GET"]}}],"collection":[{"href":"http:\/\/mourmansk150.org\/non-acquis\/wp\/index.php?rest_route=\/wp\/v2\/pages"}],"about":[{"href":"http:\/\/mourmansk150.org\/non-acquis\/wp\/index.php?rest_route=\/wp\/v2\/types\/page"}],"author":[{"embeddable":true,"href":"http:\/\/mourmansk150.org\/non-acquis\/wp\/index.php?rest_route=\/wp\/v2\/users\/1"}],"replies":[{"embeddable":true,"href":"http:\/\/mourmansk150.org\/non-acquis\/wp\/index.php?rest_route=%2Fwp%2Fv2%2Fcomments&post=164"}],"version-history":[{"count":1,"href":"http:\/\/mourmansk150.org\/non-acquis\/wp\/index.php?rest_route=\/wp\/v2\/pages\/164\/revisions"}],"predecessor-version":[{"id":165,"href":"http:\/\/mourmansk150.org\/non-acquis\/wp\/index.php?rest_route=\/wp\/v2\/pages\/164\/revisions\/165"}],"up":[{"embeddable":true,"href":"http:\/\/mourmansk150.org\/non-acquis\/wp\/index.php?rest_route=\/wp\/v2\/pages\/6"}],"wp:attachment":[{"href":"http:\/\/mourmansk150.org\/non-acquis\/wp\/index.php?rest_route=%2Fwp%2Fv2%2Fmedia&parent=164"}],"curies":[{"name":"wp","href":"https:\/\/api.w.org\/{rel}","templated":true}]}}