{"id":161,"date":"2014-04-25T15:35:12","date_gmt":"2014-04-25T14:35:12","guid":{"rendered":"http:\/\/mourmansk150.org\/non-acquis\/wp\/?page_id=161"},"modified":"2014-04-25T15:35:38","modified_gmt":"2014-04-25T14:35:38","slug":"161-2","status":"publish","type":"page","link":"http:\/\/mourmansk150.org\/non-acquis\/wp\/?page_id=161","title":{"rendered":"Ex Nihilo"},"content":{"rendered":"<p>Ex nihilo<br \/>\n(En partant de rien&#8230;)<\/p>\n<p>&#8211; &#8211; &#8211; &#8211; &#8211; &#8211; &#8211; &#8211; &#8211; &#8211; &#8211; &#8211; &#8211; &#8211; &#8211; &#8211;<br \/>\nJ&rsquo;analyse et je structure<br \/>\nJe formule et reformule<br \/>\n[J&rsquo;r&rsquo;mets en cause] dogmes &amp; axiomes<br \/>\nJ&rsquo;argumente et je m&rsquo;explique<br \/>\nTel l&rsquo;intellectuel<br \/>\nJe pense par moi-m\u00eame !<\/p>\n<p>[bis]<br \/>\n&#8211; &#8211; &#8211; &#8211; &#8211; &#8211; &#8211; &#8211; &#8211; &#8211; &#8211; &#8211; &#8211; &#8211; &#8211; &#8211;<\/p>\n<p>Au refrain<\/p>\n<p>&#8211; &#8211; &#8211; &#8211; &#8211; &#8211; &#8211; &#8211; &#8211; &#8211; &#8211; &#8211; &#8211; &#8211; &#8211; &#8211;<br \/>\nQue ma pens\u00e9e unique inspire<br \/>\nJe mutualise, je m&rsquo;exprime<br \/>\nQue mes choix et mes jugements<br \/>\nR\u00e9v\u00e8lent mon identit\u00e9<br \/>\nJe suis existentiel<br \/>\nJe vis par moi m\u00eame !<\/p>\n<p>[bis]<br \/>\n&#8211; &#8211; &#8211; &#8211; &#8211; &#8211; &#8211; &#8211; &#8211; &#8211; &#8211; &#8211; &#8211; &#8211; &#8211; &#8211;<\/p>\n<p>Au refrain<\/p>\n<p>&#8211; &#8211; &#8211; &#8211; &#8211; &#8211; &#8211; &#8211; &#8211; &#8211; &#8211; &#8211; &#8211; &#8211; &#8211; &#8211;<br \/>\n\u00c9couter&amp; respecter<br \/>\nComprendre, s&rsquo;ouvrir \u00e0 l&rsquo;autre<br \/>\nD\u00e9couvrir et questionner<br \/>\nChanger d&rsquo;avis et r\u00e9agir<br \/>\nD\u00e9dramatiser<br \/>\nSociabilit\u00e9<br \/>\n[bis]<br \/>\n&#8211; &#8211; &#8211; &#8211; &#8211; &#8211; &#8211; &#8211; &#8211; &#8211; &#8211; &#8211; &#8211; &#8211; &#8211; &#8211;<\/p>\n<p>Au refrain<\/p>\n<p>Ex ex ex nihilo !<\/p>\n","protected":false},"excerpt":{"rendered":"<p>Ex nihilo (En partant de rien&#8230;) &#8211; &#8211; &#8211; &#8211; &#8211; &#8211; &#8211; &#8211; &#8211; &#8211; &#8211; &#8211; &#8211; &#8211; &#8211; &#8211; J&rsquo;analyse et je structure Je formule et reformule [J&rsquo;r&rsquo;mets en cause] dogmes &amp; axiomes J&rsquo;argumente et je m&rsquo;explique&hellip; <a href=\"http:\/\/mourmansk150.org\/non-acquis\/wp\/?page_id=161\" class=\"more-link\">Continuer la lecture <span class=\"meta-nav\">&rarr;<\/span><\/a><\/p>\n","protected":false},"author":1,"featured_media":0,"parent":6,"menu_order":0,"comment_status":"open","ping_status":"open","template":"","meta":{"footnotes":""},"class_list":["post-161","page","type-page","status-publish","hentry"],"_links":{"self":[{"href":"http:\/\/mourmansk150.org\/non-acquis\/wp\/index.php?rest_route=\/wp\/v2\/pages\/161","targetHints":{"allow":["GET"]}}],"collection":[{"href":"http:\/\/mourmansk150.org\/non-acquis\/wp\/index.php?rest_route=\/wp\/v2\/pages"}],"about":[{"href":"http:\/\/mourmansk150.org\/non-acquis\/wp\/index.php?rest_route=\/wp\/v2\/types\/page"}],"author":[{"embeddable":true,"href":"http:\/\/mourmansk150.org\/non-acquis\/wp\/index.php?rest_route=\/wp\/v2\/users\/1"}],"replies":[{"embeddable":true,"href":"http:\/\/mourmansk150.org\/non-acquis\/wp\/index.php?rest_route=%2Fwp%2Fv2%2Fcomments&post=161"}],"version-history":[{"count":2,"href":"http:\/\/mourmansk150.org\/non-acquis\/wp\/index.php?rest_route=\/wp\/v2\/pages\/161\/revisions"}],"predecessor-version":[{"id":163,"href":"http:\/\/mourmansk150.org\/non-acquis\/wp\/index.php?rest_route=\/wp\/v2\/pages\/161\/revisions\/163"}],"up":[{"embeddable":true,"href":"http:\/\/mourmansk150.org\/non-acquis\/wp\/index.php?rest_route=\/wp\/v2\/pages\/6"}],"wp:attachment":[{"href":"http:\/\/mourmansk150.org\/non-acquis\/wp\/index.php?rest_route=%2Fwp%2Fv2%2Fmedia&parent=161"}],"curies":[{"name":"wp","href":"https:\/\/api.w.org\/{rel}","templated":true}]}}