{"id":159,"date":"2014-04-25T15:34:08","date_gmt":"2014-04-25T14:34:08","guid":{"rendered":"http:\/\/mourmansk150.org\/non-acquis\/wp\/?page_id=159"},"modified":"2014-04-25T15:34:08","modified_gmt":"2014-04-25T14:34:08","slug":"keupon","status":"publish","type":"page","link":"http:\/\/mourmansk150.org\/non-acquis\/wp\/?page_id=159","title":{"rendered":"Keupon"},"content":{"rendered":"<p>Blouson aux clous allemands<br \/>\nDans la rue tu serres les dents<br \/>\nDevant tous ces p&rsquo;tits bourgeois<br \/>\nCeux sont tous des gros tas<br \/>\nSous tes allures d&rsquo;iroquois<br \/>\nSe cache un sourire narquois<br \/>\nTu rejettes toutes les lois<br \/>\nEt tu fais entendre ta voix<\/p>\n<p>Au refrain<\/p>\n<p>Tu r\u00eaves d&rsquo;une soci\u00e9t\u00e9<br \/>\nO\u00f9 il n&rsquo;y aurait plus d&rsquo;autorit\u00e9<br \/>\nTu r\u00eaves d&rsquo;une autre vie<br \/>\nO\u00f9 il n&rsquo;y aurait plus de tuerie<br \/>\nAnarchiste tu te crois<br \/>\nMais r\u00e9volutionnaire tu seras<br \/>\nTa patrie est pourrie<br \/>\nEt que vive l&rsquo;anarchie<\/p>\n<p>Au refrain<\/p>\n<p>Sans nation ni patrie<br \/>\nTu cr\u00e9es ton propre oekoum\u00e8ne<br \/>\nCar l&rsquo;avenir t&rsquo;appartient<br \/>\net tu vis en anomie<br \/>\nSans haine, ni violence,<br \/>\nSans dieu, ni maitre<br \/>\nL&rsquo;anarchie est leur fl\u00e9au<br \/>\nMais c&rsquo;est surtout ton h\u00e9rault !<\/p>\n<p>REFRAIN<br \/>\nKeupons &#038; keupones<br \/>\nTous le m\u00eame monopole<br \/>\nCelui de la violence<br \/>\nCelui de la d\u00e9cadence<\/p>\n<p>Keupons &#038; keupones<br \/>\nTous les m\u00eames id\u00e9es<br \/>\nEgalit\u00e9 Libert\u00e9<br \/>\nPas d&rsquo;autorit\u00e9<\/p>\n<p>Keupons &#038; keupones<br \/>\nTous les m\u00eames envies<br \/>\nCelles de la vie<br \/>\nCelles de l&rsquo;anarchie<\/p>\n","protected":false},"excerpt":{"rendered":"<p>Blouson aux clous allemands Dans la rue tu serres les dents Devant tous ces p&rsquo;tits bourgeois Ceux sont tous des gros tas Sous tes allures d&rsquo;iroquois Se cache un sourire narquois Tu rejettes toutes les lois Et tu fais entendre&hellip; <a href=\"http:\/\/mourmansk150.org\/non-acquis\/wp\/?page_id=159\" class=\"more-link\">Continuer la lecture <span class=\"meta-nav\">&rarr;<\/span><\/a><\/p>\n","protected":false},"author":1,"featured_media":0,"parent":6,"menu_order":0,"comment_status":"open","ping_status":"open","template":"","meta":{"footnotes":""},"class_list":["post-159","page","type-page","status-publish","hentry"],"_links":{"self":[{"href":"http:\/\/mourmansk150.org\/non-acquis\/wp\/index.php?rest_route=\/wp\/v2\/pages\/159","targetHints":{"allow":["GET"]}}],"collection":[{"href":"http:\/\/mourmansk150.org\/non-acquis\/wp\/index.php?rest_route=\/wp\/v2\/pages"}],"about":[{"href":"http:\/\/mourmansk150.org\/non-acquis\/wp\/index.php?rest_route=\/wp\/v2\/types\/page"}],"author":[{"embeddable":true,"href":"http:\/\/mourmansk150.org\/non-acquis\/wp\/index.php?rest_route=\/wp\/v2\/users\/1"}],"replies":[{"embeddable":true,"href":"http:\/\/mourmansk150.org\/non-acquis\/wp\/index.php?rest_route=%2Fwp%2Fv2%2Fcomments&post=159"}],"version-history":[{"count":1,"href":"http:\/\/mourmansk150.org\/non-acquis\/wp\/index.php?rest_route=\/wp\/v2\/pages\/159\/revisions"}],"predecessor-version":[{"id":160,"href":"http:\/\/mourmansk150.org\/non-acquis\/wp\/index.php?rest_route=\/wp\/v2\/pages\/159\/revisions\/160"}],"up":[{"embeddable":true,"href":"http:\/\/mourmansk150.org\/non-acquis\/wp\/index.php?rest_route=\/wp\/v2\/pages\/6"}],"wp:attachment":[{"href":"http:\/\/mourmansk150.org\/non-acquis\/wp\/index.php?rest_route=%2Fwp%2Fv2%2Fmedia&parent=159"}],"curies":[{"name":"wp","href":"https:\/\/api.w.org\/{rel}","templated":true}]}}