{"id":157,"date":"2014-04-25T15:32:08","date_gmt":"2014-04-25T14:32:08","guid":{"rendered":"http:\/\/mourmansk150.org\/non-acquis\/wp\/?page_id=157"},"modified":"2014-04-25T16:16:42","modified_gmt":"2014-04-25T15:16:42","slug":"holocaust","status":"publish","type":"page","link":"http:\/\/mourmansk150.org\/non-acquis\/wp\/?page_id=157","title":{"rendered":"Holocaust"},"content":{"rendered":"<p>HOLOCAUST NUCLEAIRE<\/p>\n<p>Ref<br \/>\nTous ces missiles dans les cieux<br \/>\nL&rsquo;av\u00e9nement du psaume XXII ???<\/p>\n<p>&#8212;&#8212;&#8212;&#8212;&#8212;&#8212;<\/p>\n<p>Tension internationale<br \/>\nEt conflit d\u00e9testable<br \/>\nGuerre in\u00e9vitable<br \/>\nExplosion fatale<\/p>\n<p>Un gouvernement balay\u00e9<br \/>\nDes dirigeants ensanglant\u00e9s<br \/>\nDes militaires endoctrin\u00e9s<br \/>\nUne folie g\u00e9n\u00e9ralis\u00e9e<\/p>\n<p>Le temps s&rsquo;est arr\u00eat\u00e9<br \/>\nLa ville est paralys\u00e9e<br \/>\nLe bouton est enfonc\u00e9<br \/>\nL&rsquo;instant est redout\u00e9<\/p>\n<p>REF<\/p>\n<p>Les missiles sont partis<br \/>\nD\u00e9cha\u00eenement de folie<br \/>\nUne sir\u00e8ne rententie<br \/>\nN\u00e9gation de la vie<\/p>\n<p>Les bombes ont \u00e9t\u00e9 lach\u00e9es<br \/>\nLa connerie a triomph\u00e9<br \/>\nDes tonnes de TNT<br \/>\nL&rsquo;ogive a explos\u00e9e<\/p>\n<p>Onde de choc propag\u00e9e<br \/>\nUne cit\u00e9 carbonis\u00e9e<br \/>\nDes retomb\u00e9es dispers\u00e9es<br \/>\nAux d\u00e9p\u00f4ts meurtriers<\/p>\n<p>REF<\/p>\n<p>Des immeubles souffl\u00e9s<br \/>\nEt des batisses \u00e9croul\u00e9es<br \/>\nCivilisations pulv\u00e9ris\u00e9e<br \/>\nEt mort instantan\u00e9e<\/p>\n<p>Une terre calcin\u00e9e<br \/>\nAux entrailles lac\u00e9r\u00e9es<br \/>\nDes corps carbonis\u00e9s<br \/>\nEt des survivants condamn\u00e9s<\/p>\n<p>Bruits et d\u00e9flagrations<br \/>\nCendres et radiations<br \/>\nEtre souffl\u00e9s ou brul\u00e9s<br \/>\nOu finir irradi\u00e9 !<\/p>\n<p>REF<\/p>\n","protected":false},"excerpt":{"rendered":"<p>HOLOCAUST NUCLEAIRE Ref Tous ces missiles dans les cieux L&rsquo;av\u00e9nement du psaume XXII ??? &#8212;&#8212;&#8212;&#8212;&#8212;&#8212; Tension internationale Et conflit d\u00e9testable Guerre in\u00e9vitable Explosion fatale Un gouvernement balay\u00e9 Des dirigeants ensanglant\u00e9s Des militaires endoctrin\u00e9s Une folie g\u00e9n\u00e9ralis\u00e9e Le temps s&rsquo;est arr\u00eat\u00e9&hellip; <a href=\"http:\/\/mourmansk150.org\/non-acquis\/wp\/?page_id=157\" class=\"more-link\">Continuer la lecture <span class=\"meta-nav\">&rarr;<\/span><\/a><\/p>\n","protected":false},"author":1,"featured_media":0,"parent":6,"menu_order":0,"comment_status":"open","ping_status":"open","template":"","meta":{"footnotes":""},"class_list":["post-157","page","type-page","status-publish","hentry"],"_links":{"self":[{"href":"http:\/\/mourmansk150.org\/non-acquis\/wp\/index.php?rest_route=\/wp\/v2\/pages\/157","targetHints":{"allow":["GET"]}}],"collection":[{"href":"http:\/\/mourmansk150.org\/non-acquis\/wp\/index.php?rest_route=\/wp\/v2\/pages"}],"about":[{"href":"http:\/\/mourmansk150.org\/non-acquis\/wp\/index.php?rest_route=\/wp\/v2\/types\/page"}],"author":[{"embeddable":true,"href":"http:\/\/mourmansk150.org\/non-acquis\/wp\/index.php?rest_route=\/wp\/v2\/users\/1"}],"replies":[{"embeddable":true,"href":"http:\/\/mourmansk150.org\/non-acquis\/wp\/index.php?rest_route=%2Fwp%2Fv2%2Fcomments&post=157"}],"version-history":[{"count":2,"href":"http:\/\/mourmansk150.org\/non-acquis\/wp\/index.php?rest_route=\/wp\/v2\/pages\/157\/revisions"}],"predecessor-version":[{"id":184,"href":"http:\/\/mourmansk150.org\/non-acquis\/wp\/index.php?rest_route=\/wp\/v2\/pages\/157\/revisions\/184"}],"up":[{"embeddable":true,"href":"http:\/\/mourmansk150.org\/non-acquis\/wp\/index.php?rest_route=\/wp\/v2\/pages\/6"}],"wp:attachment":[{"href":"http:\/\/mourmansk150.org\/non-acquis\/wp\/index.php?rest_route=%2Fwp%2Fv2%2Fmedia&parent=157"}],"curies":[{"name":"wp","href":"https:\/\/api.w.org\/{rel}","templated":true}]}}