{"id":137,"date":"2014-04-25T14:42:03","date_gmt":"2014-04-25T13:42:03","guid":{"rendered":"http:\/\/mourmansk150.org\/non-acquis\/wp\/?page_id=137"},"modified":"2017-12-01T17:56:26","modified_gmt":"2017-12-01T16:56:26","slug":"accueil","status":"publish","type":"page","link":"http:\/\/mourmansk150.org\/non-acquis\/wp\/","title":{"rendered":"Accueil"},"content":{"rendered":"<table width=\"100%\">\n<tbody>\n<tr valign=\"top\">\n<td align=\"center\" valign=\"top\">Groupe anarcho-punk &#8211; Soutien ALF<br \/>\n<a href=\"#en\">English version <\/a><\/p>\n<p><!--\n<a href=\"http:\/\/mourmansk150.org\/non-acquis\/wp\/wp-content\/uploads\/2017\/11\/fly-1.png\"><img loading=\"lazy\" decoding=\"async\" src=\"http:\/\/mourmansk150.org\/non-acquis\/wp\/wp-content\/uploads\/2017\/11\/fly-1-300x179.png\" alt=\"\" width=\"300\" height=\"179\" class=\"alignnone size-medium wp-image-807\" srcset=\"http:\/\/mourmansk150.org\/non-acquis\/wp\/wp-content\/uploads\/2017\/11\/fly-1-300x179.png 300w, http:\/\/mourmansk150.org\/non-acquis\/wp\/wp-content\/uploads\/2017\/11\/fly-1-503x300.png 503w, http:\/\/mourmansk150.org\/non-acquis\/wp\/wp-content\/uploads\/2017\/11\/fly-1.png 720w\" sizes=\"auto, (max-width: 300px) 100vw, 300px\" \/><\/a>\n\n<a href=\"http:\/\/mourmansk150.org\/non-acquis\/wp\/wp-content\/uploads\/2017\/11\/yazid-15dec-1xcf.png\"><img loading=\"lazy\" decoding=\"async\" src=\"http:\/\/mourmansk150.org\/non-acquis\/wp\/wp-content\/uploads\/2017\/11\/yazid-15dec-1xcf-300x194.png\" alt=\"\" width=\"300\" height=\"194\" class=\"alignnone size-medium wp-image-817\" srcset=\"http:\/\/mourmansk150.org\/non-acquis\/wp\/wp-content\/uploads\/2017\/11\/yazid-15dec-1xcf-300x194.png 300w, http:\/\/mourmansk150.org\/non-acquis\/wp\/wp-content\/uploads\/2017\/11\/yazid-15dec-1xcf-768x498.png 768w, http:\/\/mourmansk150.org\/non-acquis\/wp\/wp-content\/uploads\/2017\/11\/yazid-15dec-1xcf-463x300.png 463w, http:\/\/mourmansk150.org\/non-acquis\/wp\/wp-content\/uploads\/2017\/11\/yazid-15dec-1xcf.png 926w\" sizes=\"auto, (max-width: 300px) 100vw, 300px\" \/><\/a>\n--><\/p>\n<h1>Veganarchopunk &#8212; T\u00e9l\u00e9chargement libre<\/h1>\n<p><a href=\"http:\/\/mourmansk150.org\/non-acquis\/sound\/20150501\/veganarchopunk.html\" target=\"_blank\" rel=\"noopener\"><img loading=\"lazy\" decoding=\"async\" class=\"alignnone\" src=\"http:\/\/mourmansk150.org\/non-acquis\/sound\/20150501\/pochette-500px.png\" width=\"500\" height=\"250\" \/><\/a><\/td>\n<p><!--\n\n\n<td valign=\"top\" >\n\n\n<h3>Derniers articles<\/h3>\n\n\n\n\n<ul>\n<?php #  $recentPosts = new WP_Query(); \n      #  $recentPosts->query('showposts=10');\n?>\n<? php #  while ($recentPosts->have_posts()) : $recentPosts->the_post(); ?>\n \t\n\n<li><a href=\"<?php  # the_permalink() ?>\" rel=\"bookmark\"><?php  # the_title(); ?><\/a><\/li>\n\n\n<?php  # endwhile; ?><\/ul>\n\n\n<\/td>\n\n\n--><\/p>\n<\/tr>\n<tr>\n<td colspan=\"2\">Sur fond sonore Anarcho-punk, la raya des \u00ab\u00a0Non Acquis\u00a0\u00bb propage ses id\u00e9es de fraternit\u00e9, de tol\u00e9rance, de libert\u00e9 et d\u00e9fend ses convictions philosophiques. Fervent d\u00e9fenseur de la cause animale et vegan, cet o\u00efkos soutient ainsi l&rsquo;A.L.F., l&rsquo;antisp\u00e9cisme, les Hunt saboteurs, etc. Il combat \u00e9galement tous les fascismes et pr\u00f4ne le respect des autres, l&rsquo;ouverture d&rsquo;esprit et la destruction de toutes les fronti\u00e8res. Anarchistes, leurs chansons ont toutes un go\u00fbt anti-capitaliste et revendiquent l&rsquo;autogestion et l&rsquo;autonomie. Donc vous l&rsquo;aurez compris, NON ACQUIS = 100 % PUR ANARCHO-PUNK ENGAG\u00c9 ET SANS COMPROMIS&#8230;A la recherche de concerts &#8230; donc si des oreilles impies veulent les contacter : non-acquis@mourmansk150.org ou <a href=\"http:\/\/mourmansk150.org\/non-acquis\/wp\/?page_id=131\">section contact de ce site<\/a>.<\/p>\n<p>On peut proposer un set avec d\u00e9bat conf\u00e9rence sur le v\u00e9ganisme puis un concert (set de 2h avec des morceaux v\u00e9gan). Morceaux dispos sur notre site (cf vid\u00e9os, mp3 et paroles).<\/p>\n<p>Nord France, Belgique (plus ou moins)<\/p>\n<p>==============================<\/p>\n<p><a name=\"en\"><\/a><br \/>\nOn an Anarcho-punk sonic basis, the \u00ab\u00a0Non Acquis\u00a0\u00bb french raya claims its<br \/>\nbrotherhood, tolerance and feeedom opinions, and propose its<br \/>\nphilosophical convictions to the audience. Involved in the defense of<br \/>\nthe animal and vegan causes, the French o\u00efkos support the A.L.F.<br \/>\nassociation, the anti-specist approach, the Hunt spoilers, etc.<br \/>\nNon acquis also fights against all kinds of facism<br \/>\nand sings about respect, open mindedness and borders cancellation. Being<br \/>\nan anarchist band, all their songs taste their anti-capitalism position<br \/>\nand call for citizens self-management and autonomy. So as you now<br \/>\nunderstand, Non Acquis is a 100% pure anarcho-punk band, the engagement<br \/>\nof which suffers no compromise.<\/p>\n<p>Looking for gigs &#8230; If unholy ears wants to experience it, please<br \/>\ncontact <a href=\"http:\/\/mourmansk150.org\/non-acquis\/wp\/?page_id=131\">non-acquis@mourmansk150.org<\/a>.<\/p>\n<p>If you are interested, Non Acquis&rsquo; gig can realize a conference to debate about veganism, before their up to 2h sonic performance. Songs available on<br \/>\nthe website (videos, mp3, lyrics).<\/p>\n<p>Northern France, Belgium (more or less).<\/td>\n<\/tr>\n<\/tbody>\n<\/table>\n","protected":false},"excerpt":{"rendered":"<p>Groupe anarcho-punk &#8211; Soutien ALF English version Veganarchopunk &#8212; T\u00e9l\u00e9chargement libre Sur fond sonore Anarcho-punk, la raya des \u00ab\u00a0Non Acquis\u00a0\u00bb propage ses id\u00e9es de fraternit\u00e9, de tol\u00e9rance, de libert\u00e9 et d\u00e9fend ses convictions philosophiques. Fervent d\u00e9fenseur de la cause animale&hellip; <a href=\"http:\/\/mourmansk150.org\/non-acquis\/wp\/\" class=\"more-link\">Continuer la lecture <span class=\"meta-nav\">&rarr;<\/span><\/a><\/p>\n","protected":false},"author":1,"featured_media":0,"parent":0,"menu_order":0,"comment_status":"open","ping_status":"open","template":"","meta":{"footnotes":""},"class_list":["post-137","page","type-page","status-publish","hentry"],"_links":{"self":[{"href":"http:\/\/mourmansk150.org\/non-acquis\/wp\/index.php?rest_route=\/wp\/v2\/pages\/137","targetHints":{"allow":["GET"]}}],"collection":[{"href":"http:\/\/mourmansk150.org\/non-acquis\/wp\/index.php?rest_route=\/wp\/v2\/pages"}],"about":[{"href":"http:\/\/mourmansk150.org\/non-acquis\/wp\/index.php?rest_route=\/wp\/v2\/types\/page"}],"author":[{"embeddable":true,"href":"http:\/\/mourmansk150.org\/non-acquis\/wp\/index.php?rest_route=\/wp\/v2\/users\/1"}],"replies":[{"embeddable":true,"href":"http:\/\/mourmansk150.org\/non-acquis\/wp\/index.php?rest_route=%2Fwp%2Fv2%2Fcomments&post=137"}],"version-history":[{"count":76,"href":"http:\/\/mourmansk150.org\/non-acquis\/wp\/index.php?rest_route=\/wp\/v2\/pages\/137\/revisions"}],"predecessor-version":[{"id":834,"href":"http:\/\/mourmansk150.org\/non-acquis\/wp\/index.php?rest_route=\/wp\/v2\/pages\/137\/revisions\/834"}],"wp:attachment":[{"href":"http:\/\/mourmansk150.org\/non-acquis\/wp\/index.php?rest_route=%2Fwp%2Fv2%2Fmedia&parent=137"}],"curies":[{"name":"wp","href":"https:\/\/api.w.org\/{rel}","templated":true}]}}